{"id":600,"date":"2021-08-27T10:52:50","date_gmt":"2021-08-27T10:52:50","guid":{"rendered":"https:\/\/cyossalut.com\/fisioterapia-osteopatia-manresa\/"},"modified":"2021-09-17T16:19:37","modified_gmt":"2021-09-17T16:19:37","slug":"fisioterapia-osteopatia-manresa","status":"publish","type":"page","link":"https:\/\/cyossalut.com\/es\/fisioterapia-osteopatia-manresa\/","title":{"rendered":"Fisioterapia \/ Osteopat\u00eda"},"content":{"rendered":"<div class=\"services-wrapper services-fullbox cols-wrapper cols-2 services-vertical-text\" style=\"background-color:#fbfbfb;color:#586987;\"><div class=\"services-box col services-no-content\"><div class=\"img-container\"><img decoding=\"async\" src=\"https:\/\/cyossalut.com\/wp-content\/uploads\/2021\/09\/FOTOPUBLIOVIRGILI-1.jpg\" alt=\"\"\/><\/div><div class=\"services-content\"><div class=\"sc-wraper\"><\/div><\/div><\/div><div class=\"services-box col nomargin services-no-image\"><div class=\"services-content\"><div class=\"sc-wraper\"><h3>\"La mayor riqueza es nuestra salud\" Publio Virgilio<\/h3><p>En CYOS combinamos las dos disciplinas de terapia f\u00edsica, la Fisioterapia y la Osteopat\u00eda, para tratar las patolog\u00edas de nuestro sistema neuromusculoesquel\u00e9tico. Realizamos una valoraci\u00f3n inicial del paciente buscando el origen de su disfunci\u00f3n o molestia y aplicamos el tratamiento personalizado para cada paciente, utilizando la terapia manual avanzada y la tecnolog\u00eda m\u00e1s innovadora en el campo de la Fisioterapia y la Osteopat\u00eda.<\/p><\/div><\/div><\/div><div class=\"clear\"><\/div><\/div>\n<div class=\"services-wrapper services-fullbox cols-wrapper cols-2 services-vertical-text\" style=\"background-color:#fbfbfb;color:#586987;\"><div class=\"services-box col services-no-image\"><div class=\"services-content\"><div class=\"sc-wraper\"><h3>INDIBA\u00ae Activ<\/h3><p>INDIBA\u00ae ayuda a mejorar el dolor y la movilidad. Tanto en situaciones inflamatorias, postquir\u00fargicas o con dolor cr\u00f3nico, INDIBA\u00ae es una excelente aliada para acelerar el retorno a las actividades de la vida diaria o el deporte. El tratamiento con INDIBA\u00ae:<br>\r\n<br>\r\n- Mejora el dolor <br>\r\n- Controla la inflamaci\u00f3n <br>\r\n- Acelera la cicatrizaci\u00f3n <br>\r\n- Mejora la movilizaci\u00f3n <br>\r\n- Permite una reparaci\u00f3n m\u00e1s r\u00e1pida del tejido lesionado<\/p><\/div><\/div><\/div><div class=\"services-box col nomargin services-no-content\"><div class=\"img-container\"><img decoding=\"async\" src=\"https:\/\/cyossalut.com\/wp-content\/uploads\/2021\/09\/FOTOINDIBA-3.jpg\" alt=\"\"\/><\/div><div class=\"services-content\"><div class=\"sc-wraper\"><\/div><\/div><\/div><div class=\"clear\"><\/div><\/div>\n<div class=\"services-wrapper services-fullbox cols-wrapper cols-2 services-vertical-text\" style=\"background-color:#fbfbfb;color:#586987;\"><div class=\"services-box col services-no-content\"><div class=\"img-container\"><img decoding=\"async\" src=\"https:\/\/cyossalut.com\/wp-content\/uploads\/2021\/09\/FOTOPUNCIOSECA-2.jpg\" alt=\"\"\/><\/div><div class=\"services-content\"><div class=\"sc-wraper\"><\/div><\/div><\/div><div class=\"services-box col nomargin services-no-image\"><div class=\"services-content\"><div class=\"sc-wraper\"><h3>Punci\u00f3n Seca<\/h3><p>T\u00e9cnica Invasiva, mediante agujas, que se utiliza para el tratamiento del S\u00edndrome de Dolor Miofascial (SDM). Este SDM es provocado por los puntos gatillo miofasciales (PGM) que ser\u00e1n tratados mediante la t\u00e9cnica de punci\u00f3n seca sobre el tejido lesionado y que son los responsables del dolor del paciente. Indicaciones del tratamiento de PGM mediante la Punci\u00f3n Seca:<br>\r\n<br>\r\n- Cefaleas <br>\r\n- Cervicalgias <br>\r\n- Lumbalgias <br>\r\n- Dolores Musculares agudos<\/p><\/div><\/div><\/div><div class=\"clear\"><\/div><\/div>\n<div class=\"services-wrapper services-fullbox cols-wrapper cols-2 services-vertical-text\" style=\"background-color:#fbfbfb;color:#586987;\"><div class=\"services-box col services-no-image\"><div class=\"services-content\"><div class=\"sc-wraper\"><h3>Osteopat\u00eda<\/h3><p>La Osteopat\u00eda es una disciplina que utiliza principalmente una serie de t\u00e9cnicas manuales para aliviar el dolor, restaurar una funci\u00f3n y promover la salud y el bienestar del paciente, desde un punto de vista m\u00e1s hol\u00edstico, donde el tratamiento no va enfocado simplemente a la zona dolorosa del paciente. Las diferentes t\u00e9cnicas manuales utilizadas por los Oste\u00f3patas pueden ser:<br>\r\n<br>\r\n- T\u00e9cnicas Estructurales dedicadas al aparato m\u00fasculo-esquel\u00e9tico y la postura <br>\r\n- T\u00e9cnicas craneales donde centramos las t\u00e9cnicas a los problemas craneales y su influencia en el Sistema Nervioso Central <br>\r\n- T\u00e9cnicas Viscerales enfocadas al tratamiento de los \u00f3rganos y las v\u00edsceras, mejorando a su funci\u00f3n restableciendo el riego sangu\u00edneo <\/p><\/div><\/div><\/div><div class=\"services-box col nomargin services-no-content\"><div class=\"img-container\"><img decoding=\"async\" src=\"https:\/\/cyossalut.com\/wp-content\/uploads\/2021\/09\/FOTOOSTEOPATIA-2-1.jpg\" alt=\"\"\/><\/div><div class=\"services-content\"><div class=\"sc-wraper\"><\/div><\/div><\/div><div class=\"clear\"><\/div><\/div>\n","protected":false},"excerpt":{"rendered":"","protected":false},"author":1,"featured_media":0,"parent":0,"menu_order":0,"comment_status":"closed","ping_status":"closed","template":"template-full-custom.php","meta":{"footnotes":""},"class_list":["post-600","page","type-page","status-publish","hentry"],"yoast_head":"<!-- This site is optimized with the Yoast SEO plugin v27.4 - https:\/\/yoast.com\/product\/yoast-seo-wordpress\/ -->\n<title>CYOS Salud &amp; Bikefit \u00b7 Fisioterapia \/ Osteopat\u00eda en Manresa \u00b7 INDIBA\u00ae<\/title>\n<meta name=\"description\" content=\"CYOS Salud &amp; Bikefit \u00b7 Fisioterapia \/ Osteopat\u00eda en Manresa \u00b7 INDIBA\u00ae \u00b7 Combinamos las dos disciplinas de terapia f\u00edsica. Carlos Moreno.\" \/>\n<meta name=\"robots\" content=\"index, follow, max-snippet:-1, max-image-preview:large, max-video-preview:-1\" \/>\n<link rel=\"canonical\" href=\"https:\/\/cyossalut.com\/es\/fisioterapia-osteopatia-manresa\/\" \/>\n<meta property=\"og:locale\" content=\"es_ES\" \/>\n<meta property=\"og:type\" content=\"article\" \/>\n<meta property=\"og:title\" content=\"CYOS Salud &amp; Bikefit \u00b7 Fisioterapia \/ Osteopat\u00eda en Manresa \u00b7 INDIBA\u00ae\" \/>\n<meta property=\"og:description\" content=\"CYOS Salud &amp; Bikefit \u00b7 Fisioterapia \/ Osteopat\u00eda en Manresa \u00b7 INDIBA\u00ae \u00b7 Combinamos las dos disciplinas de terapia f\u00edsica. Carlos Moreno.\" \/>\n<meta property=\"og:url\" content=\"https:\/\/cyossalut.com\/es\/fisioterapia-osteopatia-manresa\/\" \/>\n<meta property=\"og:site_name\" content=\"Cyos Salut &amp; Bikefit\" \/>\n<meta property=\"article:modified_time\" content=\"2021-09-17T16:19:37+00:00\" \/>\n<meta name=\"twitter:card\" content=\"summary_large_image\" \/>\n<meta name=\"twitter:label1\" content=\"Tiempo de lectura\" \/>\n\t<meta name=\"twitter:data1\" content=\"1 minuto\" \/>\n<script type=\"application\/ld+json\" class=\"yoast-schema-graph\">{\"@context\":\"https:\\\/\\\/schema.org\",\"@graph\":[{\"@type\":\"WebPage\",\"@id\":\"https:\\\/\\\/cyossalut.com\\\/es\\\/fisioterapia-osteopatia-manresa\\\/\",\"url\":\"https:\\\/\\\/cyossalut.com\\\/es\\\/fisioterapia-osteopatia-manresa\\\/\",\"name\":\"CYOS Salud & Bikefit \u00b7 Fisioterapia \\\/ Osteopat\u00eda en Manresa \u00b7 INDIBA\u00ae\",\"isPartOf\":{\"@id\":\"https:\\\/\\\/cyossalut.com\\\/ca\\\/#website\"},\"datePublished\":\"2021-08-27T10:52:50+00:00\",\"dateModified\":\"2021-09-17T16:19:37+00:00\",\"description\":\"CYOS Salud & Bikefit \u00b7 Fisioterapia \\\/ Osteopat\u00eda en Manresa \u00b7 INDIBA\u00ae \u00b7 Combinamos las dos disciplinas de terapia f\u00edsica. Carlos Moreno.\",\"breadcrumb\":{\"@id\":\"https:\\\/\\\/cyossalut.com\\\/es\\\/fisioterapia-osteopatia-manresa\\\/#breadcrumb\"},\"inLanguage\":\"es\",\"potentialAction\":[{\"@type\":\"ReadAction\",\"target\":[\"https:\\\/\\\/cyossalut.com\\\/es\\\/fisioterapia-osteopatia-manresa\\\/\"]}]},{\"@type\":\"BreadcrumbList\",\"@id\":\"https:\\\/\\\/cyossalut.com\\\/es\\\/fisioterapia-osteopatia-manresa\\\/#breadcrumb\",\"itemListElement\":[{\"@type\":\"ListItem\",\"position\":1,\"name\":\"Inici\",\"item\":\"https:\\\/\\\/cyossalut.com\\\/es\\\/\"},{\"@type\":\"ListItem\",\"position\":2,\"name\":\"Fisioterapia \\\/ Osteopat\u00eda\"}]},{\"@type\":\"WebSite\",\"@id\":\"https:\\\/\\\/cyossalut.com\\\/ca\\\/#website\",\"url\":\"https:\\\/\\\/cyossalut.com\\\/ca\\\/\",\"name\":\"Cyos Salut &amp; Bikefit\",\"description\":\"Cyos Salud & Bikefit Bienvenidos a la Cl\u00ednica multidisciplinaria Cyos Salud & Bikefit\",\"potentialAction\":[{\"@type\":\"SearchAction\",\"target\":{\"@type\":\"EntryPoint\",\"urlTemplate\":\"https:\\\/\\\/cyossalut.com\\\/ca\\\/?s={search_term_string}\"},\"query-input\":{\"@type\":\"PropertyValueSpecification\",\"valueRequired\":true,\"valueName\":\"search_term_string\"}}],\"inLanguage\":\"es\"}]}<\/script>\n<!-- \/ Yoast SEO plugin. -->","yoast_head_json":{"title":"CYOS Salud & Bikefit \u00b7 Fisioterapia \/ Osteopat\u00eda en Manresa \u00b7 INDIBA\u00ae","description":"CYOS Salud & Bikefit \u00b7 Fisioterapia \/ Osteopat\u00eda en Manresa \u00b7 INDIBA\u00ae \u00b7 Combinamos las dos disciplinas de terapia f\u00edsica. Carlos Moreno.","robots":{"index":"index","follow":"follow","max-snippet":"max-snippet:-1","max-image-preview":"max-image-preview:large","max-video-preview":"max-video-preview:-1"},"canonical":"https:\/\/cyossalut.com\/es\/fisioterapia-osteopatia-manresa\/","og_locale":"es_ES","og_type":"article","og_title":"CYOS Salud & Bikefit \u00b7 Fisioterapia \/ Osteopat\u00eda en Manresa \u00b7 INDIBA\u00ae","og_description":"CYOS Salud & Bikefit \u00b7 Fisioterapia \/ Osteopat\u00eda en Manresa \u00b7 INDIBA\u00ae \u00b7 Combinamos las dos disciplinas de terapia f\u00edsica. Carlos Moreno.","og_url":"https:\/\/cyossalut.com\/es\/fisioterapia-osteopatia-manresa\/","og_site_name":"Cyos Salut &amp; Bikefit","article_modified_time":"2021-09-17T16:19:37+00:00","twitter_card":"summary_large_image","twitter_misc":{"Tiempo de lectura":"1 minuto"},"schema":{"@context":"https:\/\/schema.org","@graph":[{"@type":"WebPage","@id":"https:\/\/cyossalut.com\/es\/fisioterapia-osteopatia-manresa\/","url":"https:\/\/cyossalut.com\/es\/fisioterapia-osteopatia-manresa\/","name":"CYOS Salud & Bikefit \u00b7 Fisioterapia \/ Osteopat\u00eda en Manresa \u00b7 INDIBA\u00ae","isPartOf":{"@id":"https:\/\/cyossalut.com\/ca\/#website"},"datePublished":"2021-08-27T10:52:50+00:00","dateModified":"2021-09-17T16:19:37+00:00","description":"CYOS Salud & Bikefit \u00b7 Fisioterapia \/ Osteopat\u00eda en Manresa \u00b7 INDIBA\u00ae \u00b7 Combinamos las dos disciplinas de terapia f\u00edsica. Carlos Moreno.","breadcrumb":{"@id":"https:\/\/cyossalut.com\/es\/fisioterapia-osteopatia-manresa\/#breadcrumb"},"inLanguage":"es","potentialAction":[{"@type":"ReadAction","target":["https:\/\/cyossalut.com\/es\/fisioterapia-osteopatia-manresa\/"]}]},{"@type":"BreadcrumbList","@id":"https:\/\/cyossalut.com\/es\/fisioterapia-osteopatia-manresa\/#breadcrumb","itemListElement":[{"@type":"ListItem","position":1,"name":"Inici","item":"https:\/\/cyossalut.com\/es\/"},{"@type":"ListItem","position":2,"name":"Fisioterapia \/ Osteopat\u00eda"}]},{"@type":"WebSite","@id":"https:\/\/cyossalut.com\/ca\/#website","url":"https:\/\/cyossalut.com\/ca\/","name":"Cyos Salut &amp; Bikefit","description":"Cyos Salud & Bikefit Bienvenidos a la Cl\u00ednica multidisciplinaria Cyos Salud & Bikefit","potentialAction":[{"@type":"SearchAction","target":{"@type":"EntryPoint","urlTemplate":"https:\/\/cyossalut.com\/ca\/?s={search_term_string}"},"query-input":{"@type":"PropertyValueSpecification","valueRequired":true,"valueName":"search_term_string"}}],"inLanguage":"es"}]}},"_links":{"self":[{"href":"https:\/\/cyossalut.com\/es\/wp-json\/wp\/v2\/pages\/600","targetHints":{"allow":["GET"]}}],"collection":[{"href":"https:\/\/cyossalut.com\/es\/wp-json\/wp\/v2\/pages"}],"about":[{"href":"https:\/\/cyossalut.com\/es\/wp-json\/wp\/v2\/types\/page"}],"author":[{"embeddable":true,"href":"https:\/\/cyossalut.com\/es\/wp-json\/wp\/v2\/users\/1"}],"replies":[{"embeddable":true,"href":"https:\/\/cyossalut.com\/es\/wp-json\/wp\/v2\/comments?post=600"}],"version-history":[{"count":6,"href":"https:\/\/cyossalut.com\/es\/wp-json\/wp\/v2\/pages\/600\/revisions"}],"predecessor-version":[{"id":612,"href":"https:\/\/cyossalut.com\/es\/wp-json\/wp\/v2\/pages\/600\/revisions\/612"}],"wp:attachment":[{"href":"https:\/\/cyossalut.com\/es\/wp-json\/wp\/v2\/media?parent=600"}],"curies":[{"name":"wp","href":"https:\/\/api.w.org\/{rel}","templated":true}]}}