{"id":586,"date":"2015-01-20T00:40:10","date_gmt":"2015-01-20T00:40:10","guid":{"rendered":"https:\/\/cyossalut.com\/centre-fisioterapia-osteopatia-manresa\/"},"modified":"2021-09-17T15:58:51","modified_gmt":"2021-09-17T15:58:51","slug":"centre-fisioterapia-osteopatia-manresa","status":"publish","type":"page","link":"https:\/\/cyossalut.com\/es\/centre-fisioterapia-osteopatia-manresa\/","title":{"rendered":"El Centro"},"content":{"rendered":"<div class=\"services-wrapper services-icon cols-wrapper cols-4 pexeto-parallax\"><div class=\"services-box col\"><div class=\"img-container\"><img decoding=\"async\" src=\"https:\/\/cyossalut.com\/wp-content\/uploads\/2021\/09\/ICONEXPERIENCE-2-130x130.png\" alt=\"Experi\u00e8ncia\"\/><\/div><div class=\"services-content\"><div class=\"sc-wraper\"><h3>Experi\u00e8ncia<\/h3><p>Dirigit pel Carles Moreno Buira, Fisioterapeuta i Oste\u00f2pata amb m\u00e9s de 10 anys d'experi\u00e8ncia.<\/p><\/div><\/div><\/div><div class=\"services-box col\"><div class=\"img-container\"><img decoding=\"async\" src=\"https:\/\/cyossalut.com\/wp-content\/uploads\/2021\/09\/ICONFISIO-2-130x130.png\" alt=\"Fisioter\u00e0pia\"\/><\/div><div class=\"services-content\"><div class=\"sc-wraper\"><h3>Fisioter\u00e0pia<\/h3><p>Realitzem una valoraci\u00f3 inicial del pacient buscant l'origen de la seva disfunci\u00f3 o mol\u00e8stia.<\/p><\/div><\/div><\/div><div class=\"services-box col\"><div class=\"img-container\"><img decoding=\"async\" src=\"https:\/\/cyossalut.com\/wp-content\/uploads\/2021\/09\/ICONSPINALCOLUMN-03-02-130x130.png\" alt=\"Osteopatia\"\/><\/div><div class=\"services-content\"><div class=\"sc-wraper\"><h3>Osteopatia<\/h3><p>Promovem la salut I el benestar del pacient, des d'un punt de vista m\u00e9s hol\u00edstic.<\/p><\/div><\/div><\/div><div class=\"services-box col nomargin\"><div class=\"img-container\"><img decoding=\"async\" src=\"https:\/\/cyossalut.com\/wp-content\/uploads\/2021\/09\/ICONBIOMECH-2-130x130.png\" alt=\"Biomec\u00e0nica\"\/><\/div><div class=\"services-content\"><div class=\"sc-wraper\"><h3>Biomec\u00e0nica<\/h3><p>Evita lesions, millora rendiment i guanya comoditat a sobre de la bicicleta.<\/p><\/div><\/div><\/div><div class=\"clear\"><\/div><\/div>\n<div class=\"section-full-width section-light2\" style=\"background-color:#fcfcfc;\" id=\"cyossalutampbikefit\"><div class=\"section-boxed\" style=\"color:#7da694;\"><h2 class=\"section-title\" style=\"color:#7da694;\">CYOS Salut &amp; Bikefit<\/h2><h4 style=\"color:#7da694;\" class=\"sub-title\">Carles Moreno Buira | Fisioterapeuta y Oste\u00f3pata<\/h4><\/p>\n<h5 style=\"text-align: center;\"><span style=\"color: #7da694;\">La especializaci\u00f3n del centro es el campo de la Traumatolog\u00eda, la Reumatolog\u00eda y el Deporte.<\/span><br \/>\n<span style=\"color: #7da694;\">Realizamos tratamientos conservadores como la terapia manual o las manipulaciones vertebrales<\/span><br \/>\n<span style=\"color: #7da694;\">y tratamientos m\u00e1s invasivos como la punci\u00f3n seca.<\/span><\/h5>\n<p>&nbsp;<\/p>\n<div class=\"services-wrapper services-boxed-photo cols-wrapper cols-4\"><div class=\"services-title-box col\"><h2>Ubicaci\u00f3n<\/h2><p> Nos encontrar\u00e1s en la Calle Barcelona, n\u00famero 42 de Manresa, contacta con nosotros por tel\u00e9fono al 938 762 885 o a trav\u00e9s del formulario web mediante el siguiente enlace. <\/p><a href=\"https:\/\/cyossalut.com\/es\/contact\/\" class=\"read-more\">Contacto<span class=\"more-arrow\">&rsaquo;<\/span><\/a><\/div><div class=\"services-box col\"><div class=\"img-container\"><img decoding=\"async\" src=\"https:\/\/cyossalut.com\/wp-content\/uploads\/2021\/09\/FOTOMASSATGE-4.jpg\" alt=\"El objetivo\"\/><\/div><div class=\"services-content\"><div class=\"sc-wraper\"><h3>El objetivo<\/h3><p>El objetivo del centro es ofrecer un servicio adaptado a las necesidades de nuestros pacientes, realizando el tratamiento 100% personalizado para cada individuo y donde lo m\u00e1s importante es el bienestar y la salud del paciente.<\/p><\/div><\/div><\/div><div class=\"services-box col\"><div class=\"img-container\"><img decoding=\"async\" src=\"https:\/\/cyossalut.com\/wp-content\/uploads\/2021\/09\/FOTOFISIO-5.jpg\" alt=\"El Centro\"\/><\/div><div class=\"services-content\"><div class=\"sc-wraper\"><h3>El Centro<\/h3><p>El centro dispone de dos salas perfectamente equipadas con camillas el\u00e9ctricas donde se realizan tanto los tratamientos de Fisioterapia como los de Osteopat\u00eda, perfectamente equipadas y orientadas por el bienestar del paciente.<\/p><\/div><\/div><\/div><div class=\"services-box col nomargin\"><div class=\"img-container\"><img decoding=\"async\" src=\"https:\/\/cyossalut.com\/wp-content\/uploads\/2021\/09\/FOTOPUNCIOSECA-3.jpg\" alt=\"Especializaci\u00f3n\"\/><\/div><div class=\"services-content\"><div class=\"sc-wraper\"><h3>Especializaci\u00f3n<\/h3><p>La especializaci\u00f3n del centro es la Traumatolog\u00eda, Reumatolog\u00eda y el Deporte. Realizamos tratamientos conservadores como la Terapia Manual o las manipulaciones vertebrales y tratamientos m\u00e1s invasivos como la Punci\u00f3n Seca.<\/p><\/div><\/div><\/div><div class=\"clear\"><\/div><\/div>\n<p>\n<\/div><\/div>\n<div class=\"services-wrapper services-fullbox cols-wrapper cols-2\" style=\"background-color:#586987;color:#ffffff;\"><div class=\"services-box col services-no-image\"><div class=\"services-content\"><div class=\"sc-wraper\"><h3>Fisioterapia \/ Osteopat\u00eda<\/h3><p>Pretendemos ser un centro de referencia en el centro de Manresa, con f\u00e1cil acceso y dotado con los avances tecnol\u00f3gicos para mejorar la salud del paciente. Disponemos del \u00faltimo modelo de INDIBA Active\u00ae, el CT8, un dispositivo muy intuitivo que ofrece muy buenos resultados en el campo de la Fisioterapia y Rehabilitaci\u00f3n, incrementando el metabolismo en el \u00e1mbito celular, fomentando la reparaci\u00f3n de los tejidos y ayudante la mejora del dolor. <br \/><br \/> <a class=\"button btn-alt\" href=\"https:\/\/cyossalut.com\/es\/fisioterapia-osteopatia-manresa\" target=\"_self\" style=\"color:#fff; border-color:#fff;\">M\u00e1s Informaci\u00f3n<\/a><\/p><\/div><\/div><\/div><div class=\"services-box col nomargin services-no-image\"><div class=\"services-content\"><div class=\"sc-wraper\"><h3>Biomec\u00e1nica<\/h3><p>Nos hemos especializado en los \u00faltimos a\u00f1os en el mundo del ciclismo, ofreciendo un servicio pionero en el Bages, los Estudios biomec\u00e1nicos del Ciclismo. La tecnolog\u00eda que utilizamos para el an\u00e1lisis del ciclista es una tecnolog\u00eda de \u00faltima generaci\u00f3n de STT Systems\u00ae, donde podemos realizar simulaciones en 3D en tiempo real para poder ajustar y modificar la postura del ciclista. Adem\u00e1s de diferentes sensores de presion e inerciales que nos acaban dando el m\u00e1ximo n\u00famero de datos para dar la soluci\u00f3n m\u00e1s efectiva. <br \/> <br \/> <a class=\"button btn-alt\" href=\"https:\/\/cyossalut.com\/es\/centre-biomecanica-manresa\" target=\"_self\" style=\"color:#fff; border-color:#fff;\">M\u00e1s Informaci\u00f3n<\/a><\/p><\/div><\/div><\/div><div class=\"clear\"><\/div><\/div>\n","protected":false},"excerpt":{"rendered":"","protected":false},"author":1,"featured_media":0,"parent":0,"menu_order":0,"comment_status":"open","ping_status":"open","template":"template-full-custom.php","meta":{"footnotes":""},"class_list":["post-586","page","type-page","status-publish","hentry"],"yoast_head":"<!-- This site is optimized with the Yoast SEO plugin v27.5 - https:\/\/yoast.com\/product\/yoast-seo-wordpress\/ -->\n<title>CYOS Salud &amp; Bikefit \u00b7 Centro Traumatolog\u00eda Reumatolog\u00eda y del Deporte<\/title>\n<meta name=\"description\" content=\"CYOS Salud &amp; Bikefit \u00b7 Centro Traumatolog\u00eda Reumatolog\u00eda y Deporte \u00b7 Dirigido por Carles Moreno Buira, Fisioterapeuta y Oste\u00f3pata a Manresa.\" \/>\n<meta name=\"robots\" content=\"index, follow, max-snippet:-1, max-image-preview:large, max-video-preview:-1\" \/>\n<link rel=\"canonical\" href=\"https:\/\/cyossalut.com\/es\/centre-fisioterapia-osteopatia-manresa\/\" \/>\n<meta property=\"og:locale\" content=\"es_ES\" \/>\n<meta property=\"og:type\" content=\"article\" \/>\n<meta property=\"og:title\" content=\"CYOS Salud &amp; Bikefit \u00b7 Centro Traumatolog\u00eda Reumatolog\u00eda y del Deporte\" \/>\n<meta property=\"og:description\" content=\"CYOS Salud &amp; Bikefit \u00b7 Centro Traumatolog\u00eda Reumatolog\u00eda y Deporte \u00b7 Dirigido por Carles Moreno Buira, Fisioterapeuta y Oste\u00f3pata a Manresa.\" \/>\n<meta property=\"og:url\" content=\"https:\/\/cyossalut.com\/es\/centre-fisioterapia-osteopatia-manresa\/\" \/>\n<meta property=\"og:site_name\" content=\"Cyos Salut &amp; Bikefit\" \/>\n<meta property=\"article:modified_time\" content=\"2021-09-17T15:58:51+00:00\" \/>\n<meta name=\"twitter:card\" content=\"summary_large_image\" \/>\n<meta name=\"twitter:label1\" content=\"Tiempo de lectura\" \/>\n\t<meta name=\"twitter:data1\" content=\"1 minuto\" \/>\n<script type=\"application\/ld+json\" class=\"yoast-schema-graph\">{\"@context\":\"https:\\\/\\\/schema.org\",\"@graph\":[{\"@type\":\"WebPage\",\"@id\":\"https:\\\/\\\/cyossalut.com\\\/es\\\/centre-fisioterapia-osteopatia-manresa\\\/\",\"url\":\"https:\\\/\\\/cyossalut.com\\\/es\\\/centre-fisioterapia-osteopatia-manresa\\\/\",\"name\":\"CYOS Salud & Bikefit \u00b7 Centro Traumatolog\u00eda Reumatolog\u00eda y del Deporte\",\"isPartOf\":{\"@id\":\"https:\\\/\\\/cyossalut.com\\\/ca\\\/#website\"},\"datePublished\":\"2015-01-20T00:40:10+00:00\",\"dateModified\":\"2021-09-17T15:58:51+00:00\",\"description\":\"CYOS Salud & Bikefit \u00b7 Centro Traumatolog\u00eda Reumatolog\u00eda y Deporte \u00b7 Dirigido por Carles Moreno Buira, Fisioterapeuta y Oste\u00f3pata a Manresa.\",\"breadcrumb\":{\"@id\":\"https:\\\/\\\/cyossalut.com\\\/es\\\/centre-fisioterapia-osteopatia-manresa\\\/#breadcrumb\"},\"inLanguage\":\"es\",\"potentialAction\":[{\"@type\":\"ReadAction\",\"target\":[\"https:\\\/\\\/cyossalut.com\\\/es\\\/centre-fisioterapia-osteopatia-manresa\\\/\"]}]},{\"@type\":\"BreadcrumbList\",\"@id\":\"https:\\\/\\\/cyossalut.com\\\/es\\\/centre-fisioterapia-osteopatia-manresa\\\/#breadcrumb\",\"itemListElement\":[{\"@type\":\"ListItem\",\"position\":1,\"name\":\"Inici\",\"item\":\"https:\\\/\\\/cyossalut.com\\\/es\\\/\"},{\"@type\":\"ListItem\",\"position\":2,\"name\":\"El Centro\"}]},{\"@type\":\"WebSite\",\"@id\":\"https:\\\/\\\/cyossalut.com\\\/ca\\\/#website\",\"url\":\"https:\\\/\\\/cyossalut.com\\\/ca\\\/\",\"name\":\"Cyos Salut &amp; Bikefit\",\"description\":\"Cyos Salud & Bikefit Bienvenidos a la Cl\u00ednica multidisciplinaria Cyos Salud & Bikefit\",\"potentialAction\":[{\"@type\":\"SearchAction\",\"target\":{\"@type\":\"EntryPoint\",\"urlTemplate\":\"https:\\\/\\\/cyossalut.com\\\/ca\\\/?s={search_term_string}\"},\"query-input\":{\"@type\":\"PropertyValueSpecification\",\"valueRequired\":true,\"valueName\":\"search_term_string\"}}],\"inLanguage\":\"es\"}]}<\/script>\n<!-- \/ Yoast SEO plugin. -->","yoast_head_json":{"title":"CYOS Salud & Bikefit \u00b7 Centro Traumatolog\u00eda Reumatolog\u00eda y del Deporte","description":"CYOS Salud & Bikefit \u00b7 Centro Traumatolog\u00eda Reumatolog\u00eda y Deporte \u00b7 Dirigido por Carles Moreno Buira, Fisioterapeuta y Oste\u00f3pata a Manresa.","robots":{"index":"index","follow":"follow","max-snippet":"max-snippet:-1","max-image-preview":"max-image-preview:large","max-video-preview":"max-video-preview:-1"},"canonical":"https:\/\/cyossalut.com\/es\/centre-fisioterapia-osteopatia-manresa\/","og_locale":"es_ES","og_type":"article","og_title":"CYOS Salud & Bikefit \u00b7 Centro Traumatolog\u00eda Reumatolog\u00eda y del Deporte","og_description":"CYOS Salud & Bikefit \u00b7 Centro Traumatolog\u00eda Reumatolog\u00eda y Deporte \u00b7 Dirigido por Carles Moreno Buira, Fisioterapeuta y Oste\u00f3pata a Manresa.","og_url":"https:\/\/cyossalut.com\/es\/centre-fisioterapia-osteopatia-manresa\/","og_site_name":"Cyos Salut &amp; Bikefit","article_modified_time":"2021-09-17T15:58:51+00:00","twitter_card":"summary_large_image","twitter_misc":{"Tiempo de lectura":"1 minuto"},"schema":{"@context":"https:\/\/schema.org","@graph":[{"@type":"WebPage","@id":"https:\/\/cyossalut.com\/es\/centre-fisioterapia-osteopatia-manresa\/","url":"https:\/\/cyossalut.com\/es\/centre-fisioterapia-osteopatia-manresa\/","name":"CYOS Salud & Bikefit \u00b7 Centro Traumatolog\u00eda Reumatolog\u00eda y del Deporte","isPartOf":{"@id":"https:\/\/cyossalut.com\/ca\/#website"},"datePublished":"2015-01-20T00:40:10+00:00","dateModified":"2021-09-17T15:58:51+00:00","description":"CYOS Salud & Bikefit \u00b7 Centro Traumatolog\u00eda Reumatolog\u00eda y Deporte \u00b7 Dirigido por Carles Moreno Buira, Fisioterapeuta y Oste\u00f3pata a Manresa.","breadcrumb":{"@id":"https:\/\/cyossalut.com\/es\/centre-fisioterapia-osteopatia-manresa\/#breadcrumb"},"inLanguage":"es","potentialAction":[{"@type":"ReadAction","target":["https:\/\/cyossalut.com\/es\/centre-fisioterapia-osteopatia-manresa\/"]}]},{"@type":"BreadcrumbList","@id":"https:\/\/cyossalut.com\/es\/centre-fisioterapia-osteopatia-manresa\/#breadcrumb","itemListElement":[{"@type":"ListItem","position":1,"name":"Inici","item":"https:\/\/cyossalut.com\/es\/"},{"@type":"ListItem","position":2,"name":"El Centro"}]},{"@type":"WebSite","@id":"https:\/\/cyossalut.com\/ca\/#website","url":"https:\/\/cyossalut.com\/ca\/","name":"Cyos Salut &amp; Bikefit","description":"Cyos Salud & Bikefit Bienvenidos a la Cl\u00ednica multidisciplinaria Cyos Salud & Bikefit","potentialAction":[{"@type":"SearchAction","target":{"@type":"EntryPoint","urlTemplate":"https:\/\/cyossalut.com\/ca\/?s={search_term_string}"},"query-input":{"@type":"PropertyValueSpecification","valueRequired":true,"valueName":"search_term_string"}}],"inLanguage":"es"}]}},"_links":{"self":[{"href":"https:\/\/cyossalut.com\/es\/wp-json\/wp\/v2\/pages\/586","targetHints":{"allow":["GET"]}}],"collection":[{"href":"https:\/\/cyossalut.com\/es\/wp-json\/wp\/v2\/pages"}],"about":[{"href":"https:\/\/cyossalut.com\/es\/wp-json\/wp\/v2\/types\/page"}],"author":[{"embeddable":true,"href":"https:\/\/cyossalut.com\/es\/wp-json\/wp\/v2\/users\/1"}],"replies":[{"embeddable":true,"href":"https:\/\/cyossalut.com\/es\/wp-json\/wp\/v2\/comments?post=586"}],"version-history":[{"count":8,"href":"https:\/\/cyossalut.com\/es\/wp-json\/wp\/v2\/pages\/586\/revisions"}],"predecessor-version":[{"id":599,"href":"https:\/\/cyossalut.com\/es\/wp-json\/wp\/v2\/pages\/586\/revisions\/599"}],"wp:attachment":[{"href":"https:\/\/cyossalut.com\/es\/wp-json\/wp\/v2\/media?parent=586"}],"curies":[{"name":"wp","href":"https:\/\/api.w.org\/{rel}","templated":true}]}}