{"id":568,"date":"2015-01-20T00:39:24","date_gmt":"2015-01-20T00:39:24","guid":{"rendered":"https:\/\/cyossalut.com\/home\/"},"modified":"2021-12-23T15:46:48","modified_gmt":"2021-12-23T15:46:48","slug":"home","status":"publish","type":"page","link":"https:\/\/cyossalut.com\/es\/","title":{"rendered":"Inicio"},"content":{"rendered":"<div class=\"section-full-width section-light2\" style=\"background-color:#f7f7f7;\" id=\"cyossalutampbikefit\"><div class=\"section-boxed\" style=\"color:#777777;\"><h2 class=\"section-title\" style=\"color:#7da694;\">CYOS Salut &amp; Bikefit<\/h2><\/p>\n<h5 style=\"text-align: center;\"><span style=\"color: #7da694;\">Con m\u00e1s de 10 a\u00f1os de experiencia en el mundo de la Salud, abre en Manresa un nuevo centro dedicado a la Fisioterapia y la Osteopat\u00eda.<\/span><br \/>\n<span style=\"color: #7da694;\">La especializaci\u00f3n del centro es en el campo de la Traumatolog\u00eda, la Reumatolog\u00eda y el Deporte.<\/span><\/h5>\n<p>\n<\/div><\/div>\n<div class=\"services-wrapper services-icon cols-wrapper cols-3\"><div class=\"services-box col\"><a href=\"http:\/\/cyossalut.com\/es\/centre-fisioterapia-osteopatia-manresa\"><div class=\"img-container\"><img decoding=\"async\" src=\"https:\/\/cyossalut.com\/wp-content\/uploads\/2021\/09\/ICONHOME-2-130x130.png\" alt=\"El Centro\"\/><\/div><\/a><div class=\"services-content\"><div class=\"sc-wraper\"><h3><a href=\"http:\/\/cyossalut.com\/es\/centre-fisioterapia-osteopatia-manresa\">El Centro<\/a><\/h3><p>Centro dedicado a la Fisioterapia y la Osteopat\u00eda. Situado en el centro de Manresa, con f\u00e1cil acceso y dotado con los avances tecnol\u00f3gicos para mejorar la salud del paciente.<\/p><\/div><\/div><\/div><div class=\"services-box col\"><a href=\"http:\/\/cyossalut.com\/es\/centre-biomecanica-manresa\"><div class=\"img-container\"><img decoding=\"async\" src=\"https:\/\/cyossalut.com\/wp-content\/uploads\/2021\/09\/ICONBIOMECH-2-130x130.png\" alt=\"Biomec\u00e1nica\"\/><\/div><\/a><div class=\"services-content\"><div class=\"sc-wraper\"><h3><a href=\"http:\/\/cyossalut.com\/es\/centre-biomecanica-manresa\">Biomec\u00e1nica<\/a><\/h3><p>El objetivo de nuestro estudio biomec\u00e1nico es que disfrutes y exprimas al m\u00e1ximo tu bicicleta. Evita lesiones, mejora rendimiento y gana comodidad.<\/p><\/div><\/div><\/div><div class=\"services-box col nomargin\"><a href=\"http:\/\/cyossalut.com\/es\/fisioterapia-osteopatia-manresa\"><div class=\"img-container\"><img decoding=\"async\" src=\"https:\/\/cyossalut.com\/wp-content\/uploads\/2021\/09\/ICONFISIO-2-130x130.png\" alt=\"Fisioterapia \/ Osteopat\u00eda\"\/><\/div><\/a><div class=\"services-content\"><div class=\"sc-wraper\"><h3><a href=\"http:\/\/cyossalut.com\/es\/fisioterapia-osteopatia-manresa\">Fisioterapia \/ Osteopat\u00eda<\/a><\/h3><p>Realizamos una valoraci\u00f3n inicial del paciente buscando el origen de su disfunci\u00f3n o molestia y aplicamos el tratamiento personalizado para cada paciente.<\/p><\/div><\/div><\/div><div class=\"clear\"><\/div><\/div>\n<div class=\"services-wrapper services-fullbox cols-wrapper cols-4\" style=\"background-color:#586987;color:#ffffff;\"><div class=\"services-box col services-no-image\"><div class=\"services-content\"><div class=\"sc-wraper\"><h3><strong>Carles Moreno Buira<\/strong><\/h3><p>El centro est\u00e1 dirigido por <strong>Carles Moreno Buira<\/strong>, Fisioterapeuta y Oste\u00f3pata desde hace m\u00e1s de 10 a\u00f1os, un terapeuta en constante formaci\u00f3n para ofrecer el mejor tratamiento adaptado a cada paciente, realizando los tratamientos manuales m\u00e1s avanzados y la tecnolog\u00eda m\u00e1s innovadora.<\/p><\/div><\/div><\/div><div class=\"services-box col services-no-content\"><div class=\"img-container\"><img decoding=\"async\" src=\"https:\/\/cyossalut.com\/wp-content\/uploads\/2021\/09\/FOTO1-3CARLES-V2.jpg\" alt=\"\"\/><\/div><div class=\"services-content\"><div class=\"sc-wraper\"><\/div><\/div><\/div><div class=\"services-box col services-no-content\"><div class=\"img-container\"><img decoding=\"async\" src=\"https:\/\/cyossalut.com\/wp-content\/uploads\/2021\/09\/FOTO2-3COLL-2.jpg\" alt=\"\"\/><\/div><div class=\"services-content\"><div class=\"sc-wraper\"><\/div><\/div><\/div><div class=\"services-box col nomargin services-no-content\"><div class=\"img-container\"><img decoding=\"async\" src=\"https:\/\/cyossalut.com\/wp-content\/uploads\/2021\/09\/FOTO3-BICIS-2.jpg\" alt=\"\"\/><\/div><div class=\"services-content\"><div class=\"sc-wraper\"><\/div><\/div><\/div><div class=\"clear\"><\/div><\/div>\n<div class=\"section-full-width section-light\" style=\"background-color:#ffffff;\" id=\"section-1\"><div class=\"section-boxed\" style=\"color:#586987;\"><h4 style=\"color:#586987;\" class=\"sub-title\">Los Clientes Opinan<\/h4><div class=\"testimonial-slider\" data-autoplay=\"true\"><div class=\"testimonial-container no-image\"><div class=\"testimonial-wrapper\"><div class=\"testimonial-info\"><div class=\"testimonials-details\"><h2>Marc M.<\/h2><span>Google Business<\/span><\/div><\/div><blockquote><p>Muy recomendable! Instalaciones reci\u00e9n estrenadas con todo muy nuevo y acogedor. Estudio biomec\u00e1nico de bicicleta con tecnolog\u00eda 3D, sensor de presi\u00f3n de asiento y tija regulable para ajuste perfecto. Adem\u00e1s aprovech\u00e9 para sesi\u00f3n de fisioterapia y muy profesional. Disponen de m\u00e1quina Indiba original. Seguir\u00e9 sin duda trat\u00e1ndome en este centro.<\/p><\/blockquote><\/div><\/div><div class=\"testimonial-container no-image\"><div class=\"testimonial-wrapper\"><div class=\"testimonial-info\"><div class=\"testimonials-details\"><h2>Bibiana Oliv\u00e9<\/h2><span>Google Business<\/span><\/div><\/div><blockquote><p>Molt b\u00e9! Hi he anat amb una lumb\u00e0lgia, i m'ha anat molt b\u00e9! Te una m\u00e0quina (Indiba) q va fant\u00e0stic, i molt bones mans.\r\nMolt recomanable!<\/p><\/blockquote><\/div><\/div><\/div>\n<\/div><\/div>\n<div class=\"section-full-width section-light\" style=\"background-color:#f7f7f7;\" id=\"section-2\"><div style=\"background-image:url(https:\/\/cyossalut.com\/wp-content\/uploads\/2021\/09\/FOTOCMORENO-LLARGA-2.jpg); opacity:1; filter: alpha(opacity=100);\" class=\"full-bg-image\" ><\/div><div class=\"section-boxed\" style=\"color:#fcfcfc;\"><\/p>\n<div class=\"cols-wrapper cols-2\">\n<div class=\"col\">\n<h3><span style=\"color: #384f59;\"><strong>Evita lesiones, mejora rendimiento y gana comodidad encima de la bicicleta<\/strong><\/span><\/h3>\n<p>El objetivo de nuestro estudio biomec\u00e1nico del ciclismo es que disfrutes y exprimas al m\u00e1ximo tu bicicleta. Estas son las ventajas que nos aporta:<\/p>\n<ul class=\"bullet_arrow4 imglist\">\n<li>Reducir al m\u00e1ximo las molestias<\/li>\n<li>Aumentar el rendimiento<\/li>\n<li>Aumentar el confort<\/li>\n<li>Reducir el riesgo de lesiones<\/li>\n<\/ul>\n<p><a class=\"button\" href=\"https:\/\/cyossalut.com\/es\/centre-biomecanica-manresa\/\">+ Informaci\u00f3n<\/a><\/p>\n<\/div>\n<div class=\"col nomargin\"><\/div>\n<\/div>\n<p>\n<\/div><\/div>\n","protected":false},"excerpt":{"rendered":"","protected":false},"author":1,"featured_media":0,"parent":0,"menu_order":0,"comment_status":"open","ping_status":"closed","template":"template-full-custom.php","meta":{"footnotes":""},"class_list":["post-568","page","type-page","status-publish","hentry"],"yoast_head":"<!-- This site is optimized with the Yoast SEO plugin v27.5 - https:\/\/yoast.com\/product\/yoast-seo-wordpress\/ -->\n<title>CYOS Salud &amp; Bikefit \u00b7 Fisioterapia y Osteopat\u00eda en Manresa<\/title>\n<meta name=\"description\" content=\"Con m\u00e1s de 10 a\u00f1os de experiencia en el mundo de la Salud, abre en Manresa un nuevo centro dedicado a la Fisioterapia y la Osteopat\u00eda.\" \/>\n<meta name=\"robots\" content=\"index, follow, max-snippet:-1, max-image-preview:large, max-video-preview:-1\" \/>\n<link rel=\"canonical\" href=\"https:\/\/cyossalut.com\/es\/\" \/>\n<meta property=\"og:locale\" content=\"es_ES\" \/>\n<meta property=\"og:type\" content=\"article\" \/>\n<meta property=\"og:title\" content=\"CYOS Salud &amp; Bikefit \u00b7 Fisioterapia y Osteopat\u00eda en Manresa\" \/>\n<meta property=\"og:description\" content=\"Con m\u00e1s de 10 a\u00f1os de experiencia en el mundo de la Salud, abre en Manresa un nuevo centro dedicado a la Fisioterapia y la Osteopat\u00eda.\" \/>\n<meta property=\"og:url\" content=\"https:\/\/cyossalut.com\/es\/\" \/>\n<meta property=\"og:site_name\" content=\"Cyos Salut &amp; Bikefit\" \/>\n<meta property=\"article:modified_time\" content=\"2021-12-23T15:46:48+00:00\" \/>\n<meta name=\"twitter:card\" content=\"summary_large_image\" \/>\n<meta name=\"twitter:label1\" content=\"Tiempo de lectura\" \/>\n\t<meta name=\"twitter:data1\" content=\"1 minuto\" \/>\n<script type=\"application\/ld+json\" class=\"yoast-schema-graph\">{\"@context\":\"https:\\\/\\\/schema.org\",\"@graph\":[{\"@type\":\"WebPage\",\"@id\":\"https:\\\/\\\/cyossalut.com\\\/es\\\/\",\"url\":\"https:\\\/\\\/cyossalut.com\\\/es\\\/\",\"name\":\"CYOS Salud & Bikefit \u00b7 Fisioterapia y Osteopat\u00eda en Manresa\",\"isPartOf\":{\"@id\":\"https:\\\/\\\/cyossalut.com\\\/ca\\\/#website\"},\"datePublished\":\"2015-01-20T00:39:24+00:00\",\"dateModified\":\"2021-12-23T15:46:48+00:00\",\"description\":\"Con m\u00e1s de 10 a\u00f1os de experiencia en el mundo de la Salud, abre en Manresa un nuevo centro dedicado a la Fisioterapia y la Osteopat\u00eda.\",\"breadcrumb\":{\"@id\":\"https:\\\/\\\/cyossalut.com\\\/es\\\/#breadcrumb\"},\"inLanguage\":\"es\",\"potentialAction\":[{\"@type\":\"ReadAction\",\"target\":[\"https:\\\/\\\/cyossalut.com\\\/es\\\/\"]}]},{\"@type\":\"BreadcrumbList\",\"@id\":\"https:\\\/\\\/cyossalut.com\\\/es\\\/#breadcrumb\",\"itemListElement\":[{\"@type\":\"ListItem\",\"position\":1,\"name\":\"Inici\",\"item\":\"https:\\\/\\\/cyossalut.com\\\/es\\\/\"},{\"@type\":\"ListItem\",\"position\":2,\"name\":\"Inicio\"}]},{\"@type\":\"WebSite\",\"@id\":\"https:\\\/\\\/cyossalut.com\\\/ca\\\/#website\",\"url\":\"https:\\\/\\\/cyossalut.com\\\/ca\\\/\",\"name\":\"Cyos Salut &amp; Bikefit\",\"description\":\"Cyos Salud & Bikefit Bienvenidos a la Cl\u00ednica multidisciplinaria Cyos Salud & Bikefit\",\"potentialAction\":[{\"@type\":\"SearchAction\",\"target\":{\"@type\":\"EntryPoint\",\"urlTemplate\":\"https:\\\/\\\/cyossalut.com\\\/ca\\\/?s={search_term_string}\"},\"query-input\":{\"@type\":\"PropertyValueSpecification\",\"valueRequired\":true,\"valueName\":\"search_term_string\"}}],\"inLanguage\":\"es\"}]}<\/script>\n<!-- \/ Yoast SEO plugin. -->","yoast_head_json":{"title":"CYOS Salud & Bikefit \u00b7 Fisioterapia y Osteopat\u00eda en Manresa","description":"Con m\u00e1s de 10 a\u00f1os de experiencia en el mundo de la Salud, abre en Manresa un nuevo centro dedicado a la Fisioterapia y la Osteopat\u00eda.","robots":{"index":"index","follow":"follow","max-snippet":"max-snippet:-1","max-image-preview":"max-image-preview:large","max-video-preview":"max-video-preview:-1"},"canonical":"https:\/\/cyossalut.com\/es\/","og_locale":"es_ES","og_type":"article","og_title":"CYOS Salud & Bikefit \u00b7 Fisioterapia y Osteopat\u00eda en Manresa","og_description":"Con m\u00e1s de 10 a\u00f1os de experiencia en el mundo de la Salud, abre en Manresa un nuevo centro dedicado a la Fisioterapia y la Osteopat\u00eda.","og_url":"https:\/\/cyossalut.com\/es\/","og_site_name":"Cyos Salut &amp; Bikefit","article_modified_time":"2021-12-23T15:46:48+00:00","twitter_card":"summary_large_image","twitter_misc":{"Tiempo de lectura":"1 minuto"},"schema":{"@context":"https:\/\/schema.org","@graph":[{"@type":"WebPage","@id":"https:\/\/cyossalut.com\/es\/","url":"https:\/\/cyossalut.com\/es\/","name":"CYOS Salud & Bikefit \u00b7 Fisioterapia y Osteopat\u00eda en Manresa","isPartOf":{"@id":"https:\/\/cyossalut.com\/ca\/#website"},"datePublished":"2015-01-20T00:39:24+00:00","dateModified":"2021-12-23T15:46:48+00:00","description":"Con m\u00e1s de 10 a\u00f1os de experiencia en el mundo de la Salud, abre en Manresa un nuevo centro dedicado a la Fisioterapia y la Osteopat\u00eda.","breadcrumb":{"@id":"https:\/\/cyossalut.com\/es\/#breadcrumb"},"inLanguage":"es","potentialAction":[{"@type":"ReadAction","target":["https:\/\/cyossalut.com\/es\/"]}]},{"@type":"BreadcrumbList","@id":"https:\/\/cyossalut.com\/es\/#breadcrumb","itemListElement":[{"@type":"ListItem","position":1,"name":"Inici","item":"https:\/\/cyossalut.com\/es\/"},{"@type":"ListItem","position":2,"name":"Inicio"}]},{"@type":"WebSite","@id":"https:\/\/cyossalut.com\/ca\/#website","url":"https:\/\/cyossalut.com\/ca\/","name":"Cyos Salut &amp; Bikefit","description":"Cyos Salud & Bikefit Bienvenidos a la Cl\u00ednica multidisciplinaria Cyos Salud & Bikefit","potentialAction":[{"@type":"SearchAction","target":{"@type":"EntryPoint","urlTemplate":"https:\/\/cyossalut.com\/ca\/?s={search_term_string}"},"query-input":{"@type":"PropertyValueSpecification","valueRequired":true,"valueName":"search_term_string"}}],"inLanguage":"es"}]}},"_links":{"self":[{"href":"https:\/\/cyossalut.com\/es\/wp-json\/wp\/v2\/pages\/568","targetHints":{"allow":["GET"]}}],"collection":[{"href":"https:\/\/cyossalut.com\/es\/wp-json\/wp\/v2\/pages"}],"about":[{"href":"https:\/\/cyossalut.com\/es\/wp-json\/wp\/v2\/types\/page"}],"author":[{"embeddable":true,"href":"https:\/\/cyossalut.com\/es\/wp-json\/wp\/v2\/users\/1"}],"replies":[{"embeddable":true,"href":"https:\/\/cyossalut.com\/es\/wp-json\/wp\/v2\/comments?post=568"}],"version-history":[{"count":9,"href":"https:\/\/cyossalut.com\/es\/wp-json\/wp\/v2\/pages\/568\/revisions"}],"predecessor-version":[{"id":664,"href":"https:\/\/cyossalut.com\/es\/wp-json\/wp\/v2\/pages\/568\/revisions\/664"}],"wp:attachment":[{"href":"https:\/\/cyossalut.com\/es\/wp-json\/wp\/v2\/media?parent=568"}],"curies":[{"name":"wp","href":"https:\/\/api.w.org\/{rel}","templated":true}]}}