{"id":9,"date":"2015-01-20T00:40:10","date_gmt":"2015-01-20T00:40:10","guid":{"rendered":"http:\/\/pexetothemes.com\/demos\/story_demos\/business\/?page_id=9"},"modified":"2021-09-17T15:35:01","modified_gmt":"2021-09-17T15:35:01","slug":"centre-fisioterapia-osteopatia-manresa","status":"publish","type":"page","link":"https:\/\/cyossalut.com\/ca\/centre-fisioterapia-osteopatia-manresa\/","title":{"rendered":"El Centre"},"content":{"rendered":"<div class=\"services-wrapper services-icon cols-wrapper cols-4 pexeto-parallax\"><div class=\"services-box col\"><div class=\"img-container\"><img decoding=\"async\" src=\"https:\/\/cyossalut.com\/wp-content\/uploads\/2021\/09\/ICONEXPERIENCE-2-130x130.png\" alt=\"Experi\u00e8ncia\"\/><\/div><div class=\"services-content\"><div class=\"sc-wraper\"><h3>Experi\u00e8ncia<\/h3><p>Dirigit pel Carles Moreno Buira, Fisioterapeuta i Oste\u00f2pata amb m\u00e9s de 10 anys d'experi\u00e8ncia.<\/p><\/div><\/div><\/div><div class=\"services-box col\"><div class=\"img-container\"><img decoding=\"async\" src=\"https:\/\/cyossalut.com\/wp-content\/uploads\/2021\/09\/ICONFISIO-2-130x130.png\" alt=\"Fisioter\u00e0pia\"\/><\/div><div class=\"services-content\"><div class=\"sc-wraper\"><h3>Fisioter\u00e0pia<\/h3><p>Realitzem una valoraci\u00f3 inicial del pacient buscant l'origen de la seva disfunci\u00f3 o mol\u00e8stia.<\/p><\/div><\/div><\/div><div class=\"services-box col\"><div class=\"img-container\"><img decoding=\"async\" src=\"https:\/\/cyossalut.com\/wp-content\/uploads\/2021\/09\/ICONSPINALCOLUMN-03-02-130x130.png\" alt=\"Osteopatia\"\/><\/div><div class=\"services-content\"><div class=\"sc-wraper\"><h3>Osteopatia<\/h3><p>Promovem la salut I el benestar del pacient, des d'un punt de vista m\u00e9s hol\u00edstic.<\/p><\/div><\/div><\/div><div class=\"services-box col nomargin\"><div class=\"img-container\"><img decoding=\"async\" src=\"https:\/\/cyossalut.com\/wp-content\/uploads\/2021\/09\/ICONBIOMECH-2-130x130.png\" alt=\"Biomec\u00e0nica\"\/><\/div><div class=\"services-content\"><div class=\"sc-wraper\"><h3>Biomec\u00e0nica<\/h3><p>Evita lesions, millora rendiment i guanya comoditat a sobre de la bicicleta.<\/p><\/div><\/div><\/div><div class=\"clear\"><\/div><\/div>\n<div class=\"section-full-width section-light2\" style=\"background-color:#fcfcfc;\" id=\"cyossalutampbikefit\"><div class=\"section-boxed\" style=\"color:#7da694;\"><h2 class=\"section-title\" style=\"color:#7da694;\">CYOS Salut &amp; Bikefit<\/h2><h4 style=\"color:#7da694;\" class=\"sub-title\">Carles Moreno Buira | Fisioterapeuta i Oste\u00f2pata<\/h4><\/p>\n<h5 style=\"text-align: center;\"><span style=\"color: #7da694;\">L\u2019especialitzaci\u00f3 del centre \u00e9s en el camp de la Traumatologia, Reumatologia i l\u2019Esport.<\/span><br \/>\n<span style=\"color: #7da694;\">Tant realitzem tractaments conservadors com \u00e9s la Ter\u00e0pia Manual o les manipulacions vertebrals<\/span><br \/>\n<span style=\"color: #7da694;\">i tractaments m\u00e9s invasius com la Punci\u00f3 Seca.<\/span><\/h5>\n<p>&nbsp;<\/p>\n<div class=\"services-wrapper services-boxed-photo cols-wrapper cols-4\"><div class=\"services-title-box col\"><h2>Ubicaci\u00f3<\/h2><p> Ens trobar\u00e0s al Carrer Barcelona, n\u00famero 42 de Manresa, contacte amb nosaltres per tel\u00e8fon al 938762885 o amb el nostre formulari web mitjan\u00e7ant el seg\u00fcent enlla\u00e7. <\/p><a href=\"https:\/\/cyossalut.com\/contact\/\" class=\"read-more\">Contacte<span class=\"more-arrow\">&rsaquo;<\/span><\/a><\/div><div class=\"services-box col\"><div class=\"img-container\"><img decoding=\"async\" src=\"https:\/\/cyossalut.com\/wp-content\/uploads\/2021\/09\/FOTOMASSATGE-4.jpg\" alt=\"L&#039;Objectiu\"\/><\/div><div class=\"services-content\"><div class=\"sc-wraper\"><h3>L'Objectiu<\/h3><p>L\u2019objectiu del centre \u00e9s oferir un servei adaptat a la necessitat dels nostres pacients, realitzant el tractament 100% personalitzat per a cada individu i on el m\u00e9s important \u00e9s el benestar i la salut del pacient.<\/p><\/div><\/div><\/div><div class=\"services-box col\"><div class=\"img-container\"><img decoding=\"async\" src=\"https:\/\/cyossalut.com\/wp-content\/uploads\/2021\/09\/FOTOFISIO-5.jpg\" alt=\"El Centre\"\/><\/div><div class=\"services-content\"><div class=\"sc-wraper\"><h3>El Centre<\/h3><p>El centre disposa de dues sales perfectament equipades amb camilles el\u00e8ctriques on es realitzen tant els tractaments de Fisioter\u00e0pia com els d'Osteopatia, perfectament equipades i orientades pel benestar del pacient.<\/p><\/div><\/div><\/div><div class=\"services-box col nomargin\"><div class=\"img-container\"><img decoding=\"async\" src=\"https:\/\/cyossalut.com\/wp-content\/uploads\/2021\/09\/FOTOPUNCIOSECA-3.jpg\" alt=\"Especialitzaci\u00f3\"\/><\/div><div class=\"services-content\"><div class=\"sc-wraper\"><h3>Especialitzaci\u00f3<\/h3><p>L\u2019especialitzaci\u00f3 del centre \u00e9s la Traumatologia, Reumatologia i l\u2019Esport. Realitzem tractaments conservadors com la Ter\u00e0pia Manual o les manipulacions vertebrals i tractaments m\u00e9s invasius com la Punci\u00f3 Seca.<\/p><\/div><\/div><\/div><div class=\"clear\"><\/div><\/div>\n<p>\n<\/div><\/div>\n<div class=\"services-wrapper services-fullbox cols-wrapper cols-2\" style=\"background-color:#586987;color:#ffffff;\"><div class=\"services-box col services-no-image\"><div class=\"services-content\"><div class=\"sc-wraper\"><h3>Fisioter\u00e0pia \/ Osteopatia<\/h3><p>Pretenem ser un centre de refer\u00e8ncia situat al centre de Manresa, amb f\u00e0cil acc\u00e9s i dotat amb els aven\u00e7os tecnol\u00f2gics per millorar la salut del pacient. Disposem de l'\u00faltim model d'INDIBA Active\u00ae, el CT8, un dispositiu molt intu\u00eftiu que ofereix molt bons resultats en el camp de la Fisioter\u00e0pia i Rehabilitaci\u00f3, incrementant el metabolisme en l'\u00e0mbit cel\u00b7lular fomentant la reparaci\u00f3 dels teixits i ajudant a la millora del dolor.  <br \/> <br \/> <a class=\"button btn-alt\" href=\"https:\/\/cyossalut.com\/fisioterapia-osteopatia-manresa\" target=\"_self\" style=\"color:#fff; border-color:#fff;\">M\u00e9s Informaci\u00f3<\/a><\/p><\/div><\/div><\/div><div class=\"services-box col nomargin services-no-image\"><div class=\"services-content\"><div class=\"sc-wraper\"><h3>Biomec\u00e0nica<\/h3><p> Ens hem especialitzat els \u00faltims anys en el m\u00f3n del ciclisme, oferint un servei pioner al Bages, els Estudis Biomec\u00e0nics del Ciclisme. La tecnologia que fem servir per a l'an\u00e0lisi del ciclista \u00e9s una tecnologia d'\u00faltima generaci\u00f3 de STT Systems\u00ae, on podem realitzar simulacions en 3D en temps real per poder ajustar i modificar la postura el ciclista. A m\u00e9s de diferents sensors de pressions i inercials que ens acaben donant el m\u00e0xim nombre de dades per donar la soluci\u00f3 m\u00e9s efectiva. <br \/> <br \/> <a class=\"button btn-alt\" href=\"https:\/\/cyossalut.com\/centre-biomecanica-manresa\" target=\"_self\" style=\"color:#fff; border-color:#fff;\">M\u00e9s Informaci\u00f3<\/a><\/p><\/div><\/div><\/div><div class=\"clear\"><\/div><\/div>\n","protected":false},"excerpt":{"rendered":"","protected":false},"author":1,"featured_media":0,"parent":0,"menu_order":0,"comment_status":"open","ping_status":"open","template":"template-full-custom.php","meta":{"footnotes":""},"class_list":["post-9","page","type-page","status-publish","hentry"],"yoast_head":"<!-- This site is optimized with the Yoast SEO plugin v27.4 - https:\/\/yoast.com\/product\/yoast-seo-wordpress\/ -->\n<title>CYOS Salut &amp; Bikefit \u00b7 Centre de Traumatologia, Reumatologia i l\u2019Esport<\/title>\n<meta name=\"description\" content=\"CYOS Salut &amp; Bikefit \u00b7 Centre Traumatologia Reumatologia i l\u2019Esport \u00b7 Dirigit pel Carles Moreno Buira, Fisioterapeuta i Oste\u00f2pata a Manresa.\" \/>\n<meta name=\"robots\" content=\"index, follow, max-snippet:-1, max-image-preview:large, max-video-preview:-1\" \/>\n<link rel=\"canonical\" href=\"https:\/\/cyossalut.com\/ca\/centre-fisioterapia-osteopatia-manresa\/\" \/>\n<meta property=\"og:locale\" content=\"ca_ES\" \/>\n<meta property=\"og:type\" content=\"article\" \/>\n<meta property=\"og:title\" content=\"CYOS Salut &amp; Bikefit \u00b7 Centre de Traumatologia, Reumatologia i l\u2019Esport\" \/>\n<meta property=\"og:description\" content=\"CYOS Salut &amp; Bikefit \u00b7 Centre Traumatologia Reumatologia i l\u2019Esport \u00b7 Dirigit pel Carles Moreno Buira, Fisioterapeuta i Oste\u00f2pata a Manresa.\" \/>\n<meta property=\"og:url\" content=\"https:\/\/cyossalut.com\/ca\/centre-fisioterapia-osteopatia-manresa\/\" \/>\n<meta property=\"og:site_name\" content=\"Cyos Salut &amp; Bikefit\" \/>\n<meta property=\"article:modified_time\" content=\"2021-09-17T15:35:01+00:00\" \/>\n<meta name=\"twitter:card\" content=\"summary_large_image\" \/>\n<meta name=\"twitter:label1\" content=\"Temps estimat de lectura\" \/>\n\t<meta name=\"twitter:data1\" content=\"1 minut\" \/>\n<script type=\"application\/ld+json\" class=\"yoast-schema-graph\">{\"@context\":\"https:\\\/\\\/schema.org\",\"@graph\":[{\"@type\":\"WebPage\",\"@id\":\"https:\\\/\\\/cyossalut.com\\\/ca\\\/centre-fisioterapia-osteopatia-manresa\\\/\",\"url\":\"https:\\\/\\\/cyossalut.com\\\/ca\\\/centre-fisioterapia-osteopatia-manresa\\\/\",\"name\":\"CYOS Salut & Bikefit \u00b7 Centre de Traumatologia, Reumatologia i l\u2019Esport\",\"isPartOf\":{\"@id\":\"https:\\\/\\\/cyossalut.com\\\/ca\\\/#website\"},\"datePublished\":\"2015-01-20T00:40:10+00:00\",\"dateModified\":\"2021-09-17T15:35:01+00:00\",\"description\":\"CYOS Salut & Bikefit \u00b7 Centre Traumatologia Reumatologia i l\u2019Esport \u00b7 Dirigit pel Carles Moreno Buira, Fisioterapeuta i Oste\u00f2pata a Manresa.\",\"breadcrumb\":{\"@id\":\"https:\\\/\\\/cyossalut.com\\\/ca\\\/centre-fisioterapia-osteopatia-manresa\\\/#breadcrumb\"},\"inLanguage\":\"ca\",\"potentialAction\":[{\"@type\":\"ReadAction\",\"target\":[\"https:\\\/\\\/cyossalut.com\\\/ca\\\/centre-fisioterapia-osteopatia-manresa\\\/\"]}]},{\"@type\":\"BreadcrumbList\",\"@id\":\"https:\\\/\\\/cyossalut.com\\\/ca\\\/centre-fisioterapia-osteopatia-manresa\\\/#breadcrumb\",\"itemListElement\":[{\"@type\":\"ListItem\",\"position\":1,\"name\":\"Inici\",\"item\":\"https:\\\/\\\/cyossalut.com\\\/ca\\\/\"},{\"@type\":\"ListItem\",\"position\":2,\"name\":\"El Centre\"}]},{\"@type\":\"WebSite\",\"@id\":\"https:\\\/\\\/cyossalut.com\\\/ca\\\/#website\",\"url\":\"https:\\\/\\\/cyossalut.com\\\/ca\\\/\",\"name\":\"Cyos Salut &amp; Bikefit\",\"description\":\"Cyos Salut &amp; Bikefit Benvinguts a la Cl\u00ednica multidisciplin\u00e0ria Cyos Salut &amp; Bikefit\",\"potentialAction\":[{\"@type\":\"SearchAction\",\"target\":{\"@type\":\"EntryPoint\",\"urlTemplate\":\"https:\\\/\\\/cyossalut.com\\\/ca\\\/?s={search_term_string}\"},\"query-input\":{\"@type\":\"PropertyValueSpecification\",\"valueRequired\":true,\"valueName\":\"search_term_string\"}}],\"inLanguage\":\"ca\"}]}<\/script>\n<!-- \/ Yoast SEO plugin. -->","yoast_head_json":{"title":"CYOS Salut & Bikefit \u00b7 Centre de Traumatologia, Reumatologia i l\u2019Esport","description":"CYOS Salut & Bikefit \u00b7 Centre Traumatologia Reumatologia i l\u2019Esport \u00b7 Dirigit pel Carles Moreno Buira, Fisioterapeuta i Oste\u00f2pata a Manresa.","robots":{"index":"index","follow":"follow","max-snippet":"max-snippet:-1","max-image-preview":"max-image-preview:large","max-video-preview":"max-video-preview:-1"},"canonical":"https:\/\/cyossalut.com\/ca\/centre-fisioterapia-osteopatia-manresa\/","og_locale":"ca_ES","og_type":"article","og_title":"CYOS Salut & Bikefit \u00b7 Centre de Traumatologia, Reumatologia i l\u2019Esport","og_description":"CYOS Salut & Bikefit \u00b7 Centre Traumatologia Reumatologia i l\u2019Esport \u00b7 Dirigit pel Carles Moreno Buira, Fisioterapeuta i Oste\u00f2pata a Manresa.","og_url":"https:\/\/cyossalut.com\/ca\/centre-fisioterapia-osteopatia-manresa\/","og_site_name":"Cyos Salut &amp; Bikefit","article_modified_time":"2021-09-17T15:35:01+00:00","twitter_card":"summary_large_image","twitter_misc":{"Temps estimat de lectura":"1 minut"},"schema":{"@context":"https:\/\/schema.org","@graph":[{"@type":"WebPage","@id":"https:\/\/cyossalut.com\/ca\/centre-fisioterapia-osteopatia-manresa\/","url":"https:\/\/cyossalut.com\/ca\/centre-fisioterapia-osteopatia-manresa\/","name":"CYOS Salut & Bikefit \u00b7 Centre de Traumatologia, Reumatologia i l\u2019Esport","isPartOf":{"@id":"https:\/\/cyossalut.com\/ca\/#website"},"datePublished":"2015-01-20T00:40:10+00:00","dateModified":"2021-09-17T15:35:01+00:00","description":"CYOS Salut & Bikefit \u00b7 Centre Traumatologia Reumatologia i l\u2019Esport \u00b7 Dirigit pel Carles Moreno Buira, Fisioterapeuta i Oste\u00f2pata a Manresa.","breadcrumb":{"@id":"https:\/\/cyossalut.com\/ca\/centre-fisioterapia-osteopatia-manresa\/#breadcrumb"},"inLanguage":"ca","potentialAction":[{"@type":"ReadAction","target":["https:\/\/cyossalut.com\/ca\/centre-fisioterapia-osteopatia-manresa\/"]}]},{"@type":"BreadcrumbList","@id":"https:\/\/cyossalut.com\/ca\/centre-fisioterapia-osteopatia-manresa\/#breadcrumb","itemListElement":[{"@type":"ListItem","position":1,"name":"Inici","item":"https:\/\/cyossalut.com\/ca\/"},{"@type":"ListItem","position":2,"name":"El Centre"}]},{"@type":"WebSite","@id":"https:\/\/cyossalut.com\/ca\/#website","url":"https:\/\/cyossalut.com\/ca\/","name":"Cyos Salut &amp; Bikefit","description":"Cyos Salut &amp; Bikefit Benvinguts a la Cl\u00ednica multidisciplin\u00e0ria Cyos Salut &amp; Bikefit","potentialAction":[{"@type":"SearchAction","target":{"@type":"EntryPoint","urlTemplate":"https:\/\/cyossalut.com\/ca\/?s={search_term_string}"},"query-input":{"@type":"PropertyValueSpecification","valueRequired":true,"valueName":"search_term_string"}}],"inLanguage":"ca"}]}},"_links":{"self":[{"href":"https:\/\/cyossalut.com\/ca\/wp-json\/wp\/v2\/pages\/9","targetHints":{"allow":["GET"]}}],"collection":[{"href":"https:\/\/cyossalut.com\/ca\/wp-json\/wp\/v2\/pages"}],"about":[{"href":"https:\/\/cyossalut.com\/ca\/wp-json\/wp\/v2\/types\/page"}],"author":[{"embeddable":true,"href":"https:\/\/cyossalut.com\/ca\/wp-json\/wp\/v2\/users\/1"}],"replies":[{"embeddable":true,"href":"https:\/\/cyossalut.com\/ca\/wp-json\/wp\/v2\/comments?post=9"}],"version-history":[{"count":24,"href":"https:\/\/cyossalut.com\/ca\/wp-json\/wp\/v2\/pages\/9\/revisions"}],"predecessor-version":[{"id":696,"href":"https:\/\/cyossalut.com\/ca\/wp-json\/wp\/v2\/pages\/9\/revisions\/696"}],"wp:attachment":[{"href":"https:\/\/cyossalut.com\/ca\/wp-json\/wp\/v2\/media?parent=9"}],"curies":[{"name":"wp","href":"https:\/\/api.w.org\/{rel}","templated":true}]}}