{"id":5,"date":"2015-01-20T00:39:24","date_gmt":"2015-01-20T00:39:24","guid":{"rendered":"http:\/\/pexetothemes.com\/demos\/story_demos\/business\/?page_id=5"},"modified":"2026-02-06T10:50:06","modified_gmt":"2026-02-06T10:50:06","slug":"home","status":"publish","type":"page","link":"https:\/\/cyossalut.com\/ca\/","title":{"rendered":"Inici"},"content":{"rendered":"<div class=\"section-full-width section-light2\" style=\"background-color:#f7f7f7;\" id=\"cyossalutampbikefit\"><div class=\"section-boxed\" style=\"color:#777777;\"><h2 class=\"section-title\" style=\"color:#7da694;\">CYOS Salut &amp; Bikefit<\/h2><\/p>\n<h5 style=\"text-align: center;\"><span style=\"color: #7da694;\">Amb m\u00e9s de 10 anys d&#8217;experi\u00e8ncia en el m\u00f3n de la Salut, obre a Manresa un nou centre dedicat a la Fisioter\u00e0pia i l&#8217;Osteopatia.<\/span><br \/>\n<span style=\"color: #7da694;\">L&#8217;especialitzaci\u00f3 del centre \u00e9s en el camp de la Traumatologia, Reumatologia i l&#8217;Esport.<\/span><\/h5>\n<p>\n<\/div><\/div>\n<div class=\"services-wrapper services-icon cols-wrapper cols-3\"><div class=\"services-box col\"><a href=\"http:\/\/cyossalut.com\/ca\/centre-fisioterapia-osteopatia-manresa\"><div class=\"img-container\"><img decoding=\"async\" src=\"https:\/\/cyossalut.com\/wp-content\/uploads\/2021\/09\/ICONHOME-2-130x130.png\" alt=\"El Centre\"\/><\/div><\/a><div class=\"services-content\"><div class=\"sc-wraper\"><h3><a href=\"http:\/\/cyossalut.com\/ca\/centre-fisioterapia-osteopatia-manresa\">El Centre<\/a><\/h3><p>Centre dedicat a la Fisioter\u00e0pia i l'Osteopatia. Situat al centre de Manresa, amb f\u00e0cil acc\u00e9s i dotat amb els aven\u00e7os tecnol\u00f2gics per millorar la salut del pacient.<\/p><\/div><\/div><\/div><div class=\"services-box col\"><a href=\"http:\/\/cyossalut.com\/ca\/centre-biomecanica-manresa\"><div class=\"img-container\"><img decoding=\"async\" src=\"https:\/\/cyossalut.com\/wp-content\/uploads\/2021\/09\/ICONBIOMECH-2-130x130.png\" alt=\"Biomec\u00e0nica\"\/><\/div><\/a><div class=\"services-content\"><div class=\"sc-wraper\"><h3><a href=\"http:\/\/cyossalut.com\/ca\/centre-biomecanica-manresa\">Biomec\u00e0nica<\/a><\/h3><p>L'objectiu del nostre estudi biomec\u00e0nic \u00e9s que gaudeixis i espremis el m\u00e0xim la teva bicicleta. Evita lesions, millora rendiment i guanya comoditat.<\/p><\/div><\/div><\/div><div class=\"services-box col nomargin\"><a href=\"http:\/\/cyossalut.com\/ca\/fisioterapia-osteopatia-manresa\"><div class=\"img-container\"><img decoding=\"async\" src=\"https:\/\/cyossalut.com\/wp-content\/uploads\/2021\/09\/ICONFISIO-2-130x130.png\" alt=\"Fisioter\u00e0pia \/ Osteopatia\"\/><\/div><\/a><div class=\"services-content\"><div class=\"sc-wraper\"><h3><a href=\"http:\/\/cyossalut.com\/ca\/fisioterapia-osteopatia-manresa\">Fisioter\u00e0pia \/ Osteopatia<\/a><\/h3><p>Realitzem una valoraci\u00f3 inicial del pacient buscant l'origen de la seva disfunci\u00f3 o mol\u00e8stia i apliquem el tractament personalitzat per a cada pacient.<\/p><\/div><\/div><\/div><div class=\"clear\"><\/div><\/div>\n<div class=\"services-wrapper services-fullbox cols-wrapper cols-4\" style=\"background-color:#586987;color:#ffffff;\"><div class=\"services-box col services-no-image\"><div class=\"services-content\"><div class=\"sc-wraper\"><h3><strong>Carles Moreno Buira<\/strong><\/h3><p>El centre est\u00e0 dirigit pel <strong>Carles Moreno Buira<\/strong>, Fisioterapeuta i Oste\u00f2pata des de fa m\u00e9s de 10 anys, un terapeuta en constant formaci\u00f3 per oferir el millor tractament adaptat per a cada pacient realitzant els tractaments manuals m\u00e9s avan\u00e7ats i la tecnologia m\u00e9s innovadora.<\/p><\/div><\/div><\/div><div class=\"services-box col services-no-content\"><div class=\"img-container\"><img decoding=\"async\" src=\"https:\/\/cyossalut.com\/wp-content\/uploads\/2021\/09\/FOTO1-3CARLES-V2.jpg\" alt=\"\"\/><\/div><div class=\"services-content\"><div class=\"sc-wraper\"><\/div><\/div><\/div><div class=\"services-box col services-no-content\"><div class=\"img-container\"><img decoding=\"async\" src=\"https:\/\/cyossalut.com\/wp-content\/uploads\/2021\/09\/FOTO2-3COLL-2.jpg\" alt=\"\"\/><\/div><div class=\"services-content\"><div class=\"sc-wraper\"><\/div><\/div><\/div><div class=\"services-box col nomargin services-no-content\"><div class=\"img-container\"><img decoding=\"async\" src=\"https:\/\/cyossalut.com\/wp-content\/uploads\/2021\/09\/FOTO3-BICIS-2.jpg\" alt=\"\"\/><\/div><div class=\"services-content\"><div class=\"sc-wraper\"><\/div><\/div><\/div><div class=\"clear\"><\/div><\/div>\n<div class=\"section-full-width section-light\" style=\"background-color:#ffffff;\" id=\"section-1\"><div class=\"section-boxed\" style=\"color:#586987;\"><h4 style=\"color:#586987;\" class=\"sub-title\">Els Clients Opinen<\/h4><div class=\"testimonial-slider\" data-autoplay=\"true\"><div class=\"testimonial-container no-image\"><div class=\"testimonial-wrapper\"><div class=\"testimonial-info\"><div class=\"testimonials-details\"><h2>Marc M.<\/h2><span>Google Business<\/span><\/div><\/div><blockquote><p>Muy recomendable! Instalaciones reci\u00e9n estrenadas con todo muy nuevo y acogedor. Estudio biomec\u00e1nico de bicicleta con tecnolog\u00eda 3D, sensor de presi\u00f3n de asiento y tija regulable para ajuste perfecto. Adem\u00e1s aprovech\u00e9 para sesi\u00f3n de fisioterapia y muy profesional. Disponen de m\u00e1quina Indiba original. Seguir\u00e9 sin duda trat\u00e1ndome en este centro.<\/p><\/blockquote><\/div><\/div><div class=\"testimonial-container no-image\"><div class=\"testimonial-wrapper\"><div class=\"testimonial-info\"><div class=\"testimonials-details\"><h2>Bibiana Oliv\u00e9<\/h2><span>Google Business<\/span><\/div><\/div><blockquote><p>Molt b\u00e9! Hi he anat amb una lumb\u00e0lgia, i m'ha anat molt b\u00e9! Te una m\u00e0quina (Indiba) q va fant\u00e0stic, i molt bones mans.\r\nMolt recomanable!<\/p><\/blockquote><\/div><\/div><\/div>\n<\/div><\/div>\n<div class=\"section-full-width section-light\" style=\"background-color:#f7f7f7;\" id=\"section-2\"><div style=\"background-image:url(https:\/\/cyossalut.com\/wp-content\/uploads\/2021\/09\/FOTOCMORENO-LLARGA-2.jpg); opacity:1; filter: alpha(opacity=100);\" class=\"full-bg-image\" ><\/div><div class=\"section-boxed\" style=\"color:#fcfcfc;\"><\/p>\n<div class=\"cols-wrapper cols-2\">\n<div class=\"col\">\n<h3><span style=\"color: #384f59;\"><strong>Evita lesions, millora rendiment i guanya comoditat a sobre de la bicicleta<\/strong><\/span><\/h3>\n<p>L&#8217;objectiu del nostre estudi biomec\u00e0nic del ciclisme \u00e9s que gaudeixis i espremis el m\u00e0xim la teva bicicleta. Aquests s\u00f3n els avantatges que ens aporta:<\/p>\n<ul class=\"bullet_arrow4 imglist\">\n<li>Reduir al m\u00e0xim les mol\u00e8sties<\/li>\n<li>Augmentar el rendiment<\/li>\n<li>Augmentar el confort<\/li>\n<li>Reduir el risc de lesions<\/li>\n<\/ul>\n<p><a class=\"button\" href=\"https:\/\/cyossalut.com\/centre-biomecanica-manresa\">+ Informaci\u00f3<\/a><\/p>\n<\/div>\n<div class=\"col nomargin\"><\/div>\n<\/div>\n<p>\n<\/div><\/div>\n","protected":false},"excerpt":{"rendered":"","protected":false},"author":1,"featured_media":0,"parent":0,"menu_order":0,"comment_status":"open","ping_status":"closed","template":"template-full-custom.php","meta":{"footnotes":""},"class_list":["post-5","page","type-page","status-publish","hentry"],"yoast_head":"<!-- This site is optimized with the Yoast SEO plugin v27.4 - https:\/\/yoast.com\/product\/yoast-seo-wordpress\/ -->\n<title>CYOS Salut &amp; Bikefit \u00b7 Fisioter\u00e0pia i Osteopatia a Manresa<\/title>\n<meta name=\"description\" content=\"Amb m\u00e9s de 10 anys d\u2019experi\u00e8ncia en el m\u00f3n de la Salut, obre a Manresa un nou centre dedicat a la Fisioter\u00e0pia i l\u2019Osteopatia.\" \/>\n<meta name=\"robots\" content=\"index, follow, max-snippet:-1, max-image-preview:large, max-video-preview:-1\" \/>\n<link rel=\"canonical\" href=\"https:\/\/cyossalut.com\/ca\/\" \/>\n<meta property=\"og:locale\" content=\"ca_ES\" \/>\n<meta property=\"og:type\" content=\"article\" \/>\n<meta property=\"og:title\" content=\"CYOS Salut &amp; Bikefit \u00b7 Fisioter\u00e0pia i Osteopatia a Manresa\" \/>\n<meta property=\"og:description\" content=\"Amb m\u00e9s de 10 anys d\u2019experi\u00e8ncia en el m\u00f3n de la Salut, obre a Manresa un nou centre dedicat a la Fisioter\u00e0pia i l\u2019Osteopatia.\" \/>\n<meta property=\"og:url\" content=\"https:\/\/cyossalut.com\/ca\/\" \/>\n<meta property=\"og:site_name\" content=\"Cyos Salut &amp; Bikefit\" \/>\n<meta property=\"article:modified_time\" content=\"2026-02-06T10:50:06+00:00\" \/>\n<meta name=\"twitter:card\" content=\"summary_large_image\" \/>\n<meta name=\"twitter:label1\" content=\"Temps estimat de lectura\" \/>\n\t<meta name=\"twitter:data1\" content=\"2 minuts\" \/>\n<script type=\"application\/ld+json\" class=\"yoast-schema-graph\">{\"@context\":\"https:\\\/\\\/schema.org\",\"@graph\":[{\"@type\":\"WebPage\",\"@id\":\"https:\\\/\\\/cyossalut.com\\\/ca\\\/\",\"url\":\"https:\\\/\\\/cyossalut.com\\\/ca\\\/\",\"name\":\"CYOS Salut & Bikefit \u00b7 Fisioter\u00e0pia i Osteopatia a Manresa\",\"isPartOf\":{\"@id\":\"https:\\\/\\\/cyossalut.com\\\/ca\\\/#website\"},\"datePublished\":\"2015-01-20T00:39:24+00:00\",\"dateModified\":\"2026-02-06T10:50:06+00:00\",\"description\":\"Amb m\u00e9s de 10 anys d\u2019experi\u00e8ncia en el m\u00f3n de la Salut, obre a Manresa un nou centre dedicat a la Fisioter\u00e0pia i l\u2019Osteopatia.\",\"breadcrumb\":{\"@id\":\"https:\\\/\\\/cyossalut.com\\\/ca\\\/#breadcrumb\"},\"inLanguage\":\"ca\",\"potentialAction\":[{\"@type\":\"ReadAction\",\"target\":[\"https:\\\/\\\/cyossalut.com\\\/ca\\\/\"]}]},{\"@type\":\"BreadcrumbList\",\"@id\":\"https:\\\/\\\/cyossalut.com\\\/ca\\\/#breadcrumb\",\"itemListElement\":[{\"@type\":\"ListItem\",\"position\":1,\"name\":\"Inici\",\"item\":\"https:\\\/\\\/cyossalut.com\\\/ca\\\/\"},{\"@type\":\"ListItem\",\"position\":2,\"name\":\"Inici\"}]},{\"@type\":\"WebSite\",\"@id\":\"https:\\\/\\\/cyossalut.com\\\/ca\\\/#website\",\"url\":\"https:\\\/\\\/cyossalut.com\\\/ca\\\/\",\"name\":\"Cyos Salut &amp; Bikefit\",\"description\":\"Cyos Salut &amp; Bikefit Benvinguts a la Cl\u00ednica multidisciplin\u00e0ria Cyos Salut &amp; Bikefit\",\"potentialAction\":[{\"@type\":\"SearchAction\",\"target\":{\"@type\":\"EntryPoint\",\"urlTemplate\":\"https:\\\/\\\/cyossalut.com\\\/ca\\\/?s={search_term_string}\"},\"query-input\":{\"@type\":\"PropertyValueSpecification\",\"valueRequired\":true,\"valueName\":\"search_term_string\"}}],\"inLanguage\":\"ca\"}]}<\/script>\n<!-- \/ Yoast SEO plugin. -->","yoast_head_json":{"title":"CYOS Salut & Bikefit \u00b7 Fisioter\u00e0pia i Osteopatia a Manresa","description":"Amb m\u00e9s de 10 anys d\u2019experi\u00e8ncia en el m\u00f3n de la Salut, obre a Manresa un nou centre dedicat a la Fisioter\u00e0pia i l\u2019Osteopatia.","robots":{"index":"index","follow":"follow","max-snippet":"max-snippet:-1","max-image-preview":"max-image-preview:large","max-video-preview":"max-video-preview:-1"},"canonical":"https:\/\/cyossalut.com\/ca\/","og_locale":"ca_ES","og_type":"article","og_title":"CYOS Salut & Bikefit \u00b7 Fisioter\u00e0pia i Osteopatia a Manresa","og_description":"Amb m\u00e9s de 10 anys d\u2019experi\u00e8ncia en el m\u00f3n de la Salut, obre a Manresa un nou centre dedicat a la Fisioter\u00e0pia i l\u2019Osteopatia.","og_url":"https:\/\/cyossalut.com\/ca\/","og_site_name":"Cyos Salut &amp; Bikefit","article_modified_time":"2026-02-06T10:50:06+00:00","twitter_card":"summary_large_image","twitter_misc":{"Temps estimat de lectura":"2 minuts"},"schema":{"@context":"https:\/\/schema.org","@graph":[{"@type":"WebPage","@id":"https:\/\/cyossalut.com\/ca\/","url":"https:\/\/cyossalut.com\/ca\/","name":"CYOS Salut & Bikefit \u00b7 Fisioter\u00e0pia i Osteopatia a Manresa","isPartOf":{"@id":"https:\/\/cyossalut.com\/ca\/#website"},"datePublished":"2015-01-20T00:39:24+00:00","dateModified":"2026-02-06T10:50:06+00:00","description":"Amb m\u00e9s de 10 anys d\u2019experi\u00e8ncia en el m\u00f3n de la Salut, obre a Manresa un nou centre dedicat a la Fisioter\u00e0pia i l\u2019Osteopatia.","breadcrumb":{"@id":"https:\/\/cyossalut.com\/ca\/#breadcrumb"},"inLanguage":"ca","potentialAction":[{"@type":"ReadAction","target":["https:\/\/cyossalut.com\/ca\/"]}]},{"@type":"BreadcrumbList","@id":"https:\/\/cyossalut.com\/ca\/#breadcrumb","itemListElement":[{"@type":"ListItem","position":1,"name":"Inici","item":"https:\/\/cyossalut.com\/ca\/"},{"@type":"ListItem","position":2,"name":"Inici"}]},{"@type":"WebSite","@id":"https:\/\/cyossalut.com\/ca\/#website","url":"https:\/\/cyossalut.com\/ca\/","name":"Cyos Salut &amp; Bikefit","description":"Cyos Salut &amp; Bikefit Benvinguts a la Cl\u00ednica multidisciplin\u00e0ria Cyos Salut &amp; Bikefit","potentialAction":[{"@type":"SearchAction","target":{"@type":"EntryPoint","urlTemplate":"https:\/\/cyossalut.com\/ca\/?s={search_term_string}"},"query-input":{"@type":"PropertyValueSpecification","valueRequired":true,"valueName":"search_term_string"}}],"inLanguage":"ca"}]}},"_links":{"self":[{"href":"https:\/\/cyossalut.com\/ca\/wp-json\/wp\/v2\/pages\/5","targetHints":{"allow":["GET"]}}],"collection":[{"href":"https:\/\/cyossalut.com\/ca\/wp-json\/wp\/v2\/pages"}],"about":[{"href":"https:\/\/cyossalut.com\/ca\/wp-json\/wp\/v2\/types\/page"}],"author":[{"embeddable":true,"href":"https:\/\/cyossalut.com\/ca\/wp-json\/wp\/v2\/users\/1"}],"replies":[{"embeddable":true,"href":"https:\/\/cyossalut.com\/ca\/wp-json\/wp\/v2\/comments?post=5"}],"version-history":[{"count":27,"href":"https:\/\/cyossalut.com\/ca\/wp-json\/wp\/v2\/pages\/5\/revisions"}],"predecessor-version":[{"id":665,"href":"https:\/\/cyossalut.com\/ca\/wp-json\/wp\/v2\/pages\/5\/revisions\/665"}],"wp:attachment":[{"href":"https:\/\/cyossalut.com\/ca\/wp-json\/wp\/v2\/media?parent=5"}],"curies":[{"name":"wp","href":"https:\/\/api.w.org\/{rel}","templated":true}]}}