{"id":308,"date":"2021-08-27T15:24:45","date_gmt":"2021-08-27T15:24:45","guid":{"rendered":"https:\/\/cyossalut.com\/?page_id=308"},"modified":"2021-09-21T16:15:45","modified_gmt":"2021-09-21T16:15:45","slug":"politica-de-privacitat","status":"publish","type":"page","link":"https:\/\/cyossalut.com\/ca\/politica-de-privacitat\/","title":{"rendered":"Pol\u00edtica de Privacitat"},"content":{"rendered":"<p>De conformitat amb la\u00a0<strong>Llei Org\u00e0nica 3\/2018, del 5 de desembre, de Protecci\u00f3 de Dades Personals i Garanties dels Drets Digitals,<\/strong> i del Reglament (UE) 2016\/679, de 27 d\u2019abril de 2016, relatiu a la protecci\u00f3 de les persones f\u00edsiques pel que fa al tractament de dades personals ia la lliure circulaci\u00f3 d\u2019aquestes dades, <strong>CYOS Salut &amp; Bikefit<\/strong> informa als Usuaris que naveguin i accedeixin al lloc web <a href=\"https:\/\/cyossalut.com\">cyossalut.com<\/a> sobre els tractaments de dades personals realitzats:<\/p>\n<h2>Responsable<\/h2>\n<p><strong>CARLES MORENO BUIRA<\/strong><br \/>\n77742966E<br \/>\nC\/ Barcelona, 42 Baixos \u00b7 08242 Manresa (Barcelona)<\/p>\n<h2>Finalitat<\/h2>\n<p>Gestionar les dades als quals l\u2019empresa accedeix com a conseq\u00fc\u00e8ncia de la navegaci\u00f3, consulta i \/ o sol\u00b7licitud, aix\u00ed com la contractaci\u00f3 de serveis a trav\u00e9s del lloc web i, si escau enviar comunicacions comercials.<\/p>\n<h2>Legitimaci\u00f3<\/h2>\n<p>Execuci\u00f3 d\u2019un contracte.<\/p>\n<h2>Destinataris<\/h2>\n<p>No es cediran les dades a tercers, excepte obligaci\u00f3 legal.<\/p>\n<h2>Drets<\/h2>\n<p>Accedir, rectificar i suprimir les dades, aix\u00ed com els altres drets regulats al Reglament (UE) 679\/2016 poden ser exercits dirigint-se al seg\u00fcent domicili: C\/ Barcelona, 42 Baixos \u00b7 08242 Manresa (Barcelona) o a la seg\u00fcent adre\u00e7a de correu electr\u00f2nic <a href=\"mailto:carles@cyossalut.com\">carles@cyossalut.com<\/a><\/p>\n<h2>Conservaci\u00f3<\/h2>\n<p>En cas que l\u2019usuari nom\u00e9s faci una consulta seves dades no seran utilitzades per cap altre motiu a part de gestionar la resposta.<\/p>\n<p>Abans de l\u2019enviament de qualsevol sol\u00b7licitud d\u2019informaci\u00f3 a trav\u00e9s del correu electr\u00f2nic de contacte d\u2019aquesta p\u00e0gina web, l\u2019usuari ha d\u2019acceptar la pol\u00edtica de privacitat i les condicions d\u2019\u00fas d\u2019aquesta, amb la finalitat de prestar el consentiment expr\u00e9s i informat pel tractament de les dades amb les finalitats indicades.<\/p>\n<p>Les dades personals que l\u2019Usuari facilita <strong>CYOS Salut &amp; Bikefit<\/strong>\u00a0han de ser actuals perqu\u00e8 la informaci\u00f3 dels registres estigui actualitza i sense errors. L\u2019Usuari respondr\u00e0 de la veracitat de les dades facilitades.<\/p>\n<h2>Menors d\u2019edat<\/h2>\n<p>Menors d\u2019edat<\/p>\n<p>Els menors de 18 anys no poden cedir les seves dades personals a <strong>CYOS Salut &amp; Bikefit<\/strong>\u00a0sense el previ consentiment dels seus pares i \/ o tutors legals.<\/p>\n<p>En cas que <strong>CYOS Salut &amp; Bikefit<\/strong>\u00a0detect\u00e9s que l\u2019usuari \u00e9s menor de 18 anys es reserva el dret a sol\u00b7licitar una c\u00f2pia del seu DNI o document d\u2019identitat equivalent, o, si s\u2019escau, l\u2019autoritzaci\u00f3 dels seus pares i \/ o tutors legals, causant baixa en cas de no acreditar el compliment d\u2019aquest requisit o manca de resposta.<\/p>\n<h2>Quines mesures de seguretat t\u00e9 implantada l\u2019empresa?<\/h2>\n<p><strong>CYOS Salut &amp; Bikefit<\/strong> informa que t\u00e9 implantades les mesures de seguretat d\u2019\u00edndole t\u00e8cnica i organitzatives necess\u00e0ries que garanteixin la seguretat de les dades de car\u00e0cter personal de l\u2019Usuari i evitin la seva alteraci\u00f3, p\u00e8rdua, tractament i \/ o acc\u00e9s no autoritzat d\u2019acord amb l\u2019estat de la tecnologia, la naturalesa de les dades emmagatzemades i els riscos a qu\u00e8 estan exposats, tant si provenen de l\u2019acci\u00f3 humana o del medi f\u00edsic o natural, de conformitat amb el que preveu la normativa vigent.<\/p>\n","protected":false},"excerpt":{"rendered":"<p>De conformitat amb la\u00a0Llei Org\u00e0nica 3\/2018, del 5 de desembre, de Protecci\u00f3 de Dades Personals i Garanties dels Drets Digitals, [&hellip;]<\/p>\n","protected":false},"author":1,"featured_media":0,"parent":0,"menu_order":0,"comment_status":"closed","ping_status":"open","template":"template-full-custom.php","meta":{"footnotes":""},"class_list":["post-308","page","type-page","status-publish","hentry"],"yoast_head":"<!-- This site is optimized with the Yoast SEO plugin v27.4 - https:\/\/yoast.com\/product\/yoast-seo-wordpress\/ -->\n<title>CYOS Salut &amp; Bikefit \u00b7 Traumatologia, Reumatologia i l\u2019Esport a Manresa<\/title>\n<meta name=\"description\" content=\"CYOS Salut &amp; Bikefit \u00b7 Traumatologia, Reumatologia i l\u2019Esport a Manresa \u00b7 Centre dirigit pel Carles Moreno Buira.\" \/>\n<meta name=\"robots\" content=\"index, follow, max-snippet:-1, max-image-preview:large, max-video-preview:-1\" \/>\n<link rel=\"canonical\" href=\"https:\/\/cyossalut.com\/ca\/politica-de-privacitat\/\" \/>\n<meta property=\"og:locale\" content=\"ca_ES\" \/>\n<meta property=\"og:type\" content=\"article\" \/>\n<meta property=\"og:title\" content=\"CYOS Salut &amp; Bikefit \u00b7 Traumatologia, Reumatologia i l\u2019Esport a Manresa\" \/>\n<meta property=\"og:description\" content=\"CYOS Salut &amp; Bikefit \u00b7 Traumatologia, Reumatologia i l\u2019Esport a Manresa \u00b7 Centre dirigit pel Carles Moreno Buira.\" \/>\n<meta property=\"og:url\" content=\"https:\/\/cyossalut.com\/ca\/politica-de-privacitat\/\" \/>\n<meta property=\"og:site_name\" content=\"Cyos Salut &amp; Bikefit\" \/>\n<meta property=\"article:modified_time\" content=\"2021-09-21T16:15:45+00:00\" \/>\n<meta name=\"twitter:card\" content=\"summary_large_image\" \/>\n<meta name=\"twitter:label1\" content=\"Temps estimat de lectura\" \/>\n\t<meta name=\"twitter:data1\" content=\"3 minuts\" \/>\n<script type=\"application\/ld+json\" class=\"yoast-schema-graph\">{\"@context\":\"https:\\\/\\\/schema.org\",\"@graph\":[{\"@type\":\"WebPage\",\"@id\":\"https:\\\/\\\/cyossalut.com\\\/ca\\\/politica-de-privacitat\\\/\",\"url\":\"https:\\\/\\\/cyossalut.com\\\/ca\\\/politica-de-privacitat\\\/\",\"name\":\"CYOS Salut & Bikefit \u00b7 Traumatologia, Reumatologia i l\u2019Esport a Manresa\",\"isPartOf\":{\"@id\":\"https:\\\/\\\/cyossalut.com\\\/ca\\\/#website\"},\"datePublished\":\"2021-08-27T15:24:45+00:00\",\"dateModified\":\"2021-09-21T16:15:45+00:00\",\"description\":\"CYOS Salut & Bikefit \u00b7 Traumatologia, Reumatologia i l\u2019Esport a Manresa \u00b7 Centre dirigit pel Carles Moreno Buira.\",\"breadcrumb\":{\"@id\":\"https:\\\/\\\/cyossalut.com\\\/ca\\\/politica-de-privacitat\\\/#breadcrumb\"},\"inLanguage\":\"ca\",\"potentialAction\":[{\"@type\":\"ReadAction\",\"target\":[\"https:\\\/\\\/cyossalut.com\\\/ca\\\/politica-de-privacitat\\\/\"]}]},{\"@type\":\"BreadcrumbList\",\"@id\":\"https:\\\/\\\/cyossalut.com\\\/ca\\\/politica-de-privacitat\\\/#breadcrumb\",\"itemListElement\":[{\"@type\":\"ListItem\",\"position\":1,\"name\":\"Inici\",\"item\":\"https:\\\/\\\/cyossalut.com\\\/ca\\\/\"},{\"@type\":\"ListItem\",\"position\":2,\"name\":\"Pol\u00edtica de Privacitat\"}]},{\"@type\":\"WebSite\",\"@id\":\"https:\\\/\\\/cyossalut.com\\\/ca\\\/#website\",\"url\":\"https:\\\/\\\/cyossalut.com\\\/ca\\\/\",\"name\":\"Cyos Salut &amp; Bikefit\",\"description\":\"Cyos Salut &amp; Bikefit Benvinguts a la Cl\u00ednica multidisciplin\u00e0ria Cyos Salut &amp; Bikefit\",\"potentialAction\":[{\"@type\":\"SearchAction\",\"target\":{\"@type\":\"EntryPoint\",\"urlTemplate\":\"https:\\\/\\\/cyossalut.com\\\/ca\\\/?s={search_term_string}\"},\"query-input\":{\"@type\":\"PropertyValueSpecification\",\"valueRequired\":true,\"valueName\":\"search_term_string\"}}],\"inLanguage\":\"ca\"}]}<\/script>\n<!-- \/ Yoast SEO plugin. -->","yoast_head_json":{"title":"CYOS Salut & Bikefit \u00b7 Traumatologia, Reumatologia i l\u2019Esport a Manresa","description":"CYOS Salut & Bikefit \u00b7 Traumatologia, Reumatologia i l\u2019Esport a Manresa \u00b7 Centre dirigit pel Carles Moreno Buira.","robots":{"index":"index","follow":"follow","max-snippet":"max-snippet:-1","max-image-preview":"max-image-preview:large","max-video-preview":"max-video-preview:-1"},"canonical":"https:\/\/cyossalut.com\/ca\/politica-de-privacitat\/","og_locale":"ca_ES","og_type":"article","og_title":"CYOS Salut & Bikefit \u00b7 Traumatologia, Reumatologia i l\u2019Esport a Manresa","og_description":"CYOS Salut & Bikefit \u00b7 Traumatologia, Reumatologia i l\u2019Esport a Manresa \u00b7 Centre dirigit pel Carles Moreno Buira.","og_url":"https:\/\/cyossalut.com\/ca\/politica-de-privacitat\/","og_site_name":"Cyos Salut &amp; Bikefit","article_modified_time":"2021-09-21T16:15:45+00:00","twitter_card":"summary_large_image","twitter_misc":{"Temps estimat de lectura":"3 minuts"},"schema":{"@context":"https:\/\/schema.org","@graph":[{"@type":"WebPage","@id":"https:\/\/cyossalut.com\/ca\/politica-de-privacitat\/","url":"https:\/\/cyossalut.com\/ca\/politica-de-privacitat\/","name":"CYOS Salut & Bikefit \u00b7 Traumatologia, Reumatologia i l\u2019Esport a Manresa","isPartOf":{"@id":"https:\/\/cyossalut.com\/ca\/#website"},"datePublished":"2021-08-27T15:24:45+00:00","dateModified":"2021-09-21T16:15:45+00:00","description":"CYOS Salut & Bikefit \u00b7 Traumatologia, Reumatologia i l\u2019Esport a Manresa \u00b7 Centre dirigit pel Carles Moreno Buira.","breadcrumb":{"@id":"https:\/\/cyossalut.com\/ca\/politica-de-privacitat\/#breadcrumb"},"inLanguage":"ca","potentialAction":[{"@type":"ReadAction","target":["https:\/\/cyossalut.com\/ca\/politica-de-privacitat\/"]}]},{"@type":"BreadcrumbList","@id":"https:\/\/cyossalut.com\/ca\/politica-de-privacitat\/#breadcrumb","itemListElement":[{"@type":"ListItem","position":1,"name":"Inici","item":"https:\/\/cyossalut.com\/ca\/"},{"@type":"ListItem","position":2,"name":"Pol\u00edtica de Privacitat"}]},{"@type":"WebSite","@id":"https:\/\/cyossalut.com\/ca\/#website","url":"https:\/\/cyossalut.com\/ca\/","name":"Cyos Salut &amp; Bikefit","description":"Cyos Salut &amp; Bikefit Benvinguts a la Cl\u00ednica multidisciplin\u00e0ria Cyos Salut &amp; Bikefit","potentialAction":[{"@type":"SearchAction","target":{"@type":"EntryPoint","urlTemplate":"https:\/\/cyossalut.com\/ca\/?s={search_term_string}"},"query-input":{"@type":"PropertyValueSpecification","valueRequired":true,"valueName":"search_term_string"}}],"inLanguage":"ca"}]}},"_links":{"self":[{"href":"https:\/\/cyossalut.com\/ca\/wp-json\/wp\/v2\/pages\/308","targetHints":{"allow":["GET"]}}],"collection":[{"href":"https:\/\/cyossalut.com\/ca\/wp-json\/wp\/v2\/pages"}],"about":[{"href":"https:\/\/cyossalut.com\/ca\/wp-json\/wp\/v2\/types\/page"}],"author":[{"embeddable":true,"href":"https:\/\/cyossalut.com\/ca\/wp-json\/wp\/v2\/users\/1"}],"replies":[{"embeddable":true,"href":"https:\/\/cyossalut.com\/ca\/wp-json\/wp\/v2\/comments?post=308"}],"version-history":[{"count":3,"href":"https:\/\/cyossalut.com\/ca\/wp-json\/wp\/v2\/pages\/308\/revisions"}],"predecessor-version":[{"id":540,"href":"https:\/\/cyossalut.com\/ca\/wp-json\/wp\/v2\/pages\/308\/revisions\/540"}],"wp:attachment":[{"href":"https:\/\/cyossalut.com\/ca\/wp-json\/wp\/v2\/media?parent=308"}],"curies":[{"name":"wp","href":"https:\/\/api.w.org\/{rel}","templated":true}]}}