{"id":262,"date":"2021-08-27T10:27:12","date_gmt":"2021-08-27T10:27:12","guid":{"rendered":"https:\/\/cyossalut.com\/?page_id=262"},"modified":"2021-12-23T15:52:26","modified_gmt":"2021-12-23T15:52:26","slug":"centre-biomecanica-manresa","status":"publish","type":"page","link":"https:\/\/cyossalut.com\/ca\/centre-biomecanica-manresa\/","title":{"rendered":"Biomec\u00e0nica del Ciclisme"},"content":{"rendered":"<div class=\"services-wrapper services-fullbox cols-wrapper cols-2 services-vertical-text\" style=\"background-color:#fbfbfb;color:#586987;\"><div class=\"services-box col services-no-content\"><div class=\"img-container\"><img decoding=\"async\" src=\"https:\/\/cyossalut.com\/wp-content\/uploads\/2021\/09\/FOTOBIOMECHBICI-3.jpg\" alt=\"\"\/><\/div><div class=\"services-content\"><div class=\"sc-wraper\"><\/div><\/div><\/div><div class=\"services-box col nomargin services-no-image\"><div class=\"services-content\"><div class=\"sc-wraper\"><h3>Estudi biomec\u00e0nic<\/h3><p><em>L'objectiu del nostre estudi biomec\u00e0nic \u00e9s que gaudeixis i espremis el m\u00e0xim la teva bicicleta. Aquests s\u00f3n els avantatges que ens aporta:<br>\r\n<br>\r\n- Reduir al m\u00e0xim les mol\u00e8sties<br>\r\n- Augmentar el rendiment<br>\r\n- Augmentar el confort<br>\r\n- Reduir el risc de lesions<\/em><\/p><\/div><\/div><\/div><div class=\"clear\"><\/div><\/div>\n<div class=\"services-wrapper services-fullbox cols-wrapper cols-2 services-vertical-text\" style=\"background-color:#fbfbfb;color:#586987;\"><div class=\"services-box col services-no-image\"><div class=\"services-content\"><div class=\"sc-wraper\"><h3>Tecnologia d\u2019an\u00e0lisis Cycling 3DMA STT Systems\u00ae<\/h3><p>La soluci\u00f3 definitiva de captaci\u00f3 d'imatges en moviment en 3D per una \u00f2ptima recopilaci\u00f3 de dades i an\u00e0lisis per ajustar la bicicleta.<br>\r\n<br>\r\n- Sistema de captaci\u00f3 3D real, amb 4 c\u00e0meres que graven a una velocitat de 100HZ\/fps<br>\r\n- Visi\u00f3 360\u00ba<br>\r\n- Monitoratge de tot el cos<br>\r\n- Alta precisi\u00f3 de les mesures de la bicicleta<\/p><\/div><\/div><\/div><div class=\"services-box col nomargin services-no-content\"><div class=\"img-container\"><img decoding=\"async\" src=\"https:\/\/cyossalut.com\/wp-content\/uploads\/2021\/09\/FOTOSTT3DMA-2.jpeg\" alt=\"\"\/><\/div><div class=\"services-content\"><div class=\"sc-wraper\"><\/div><\/div><\/div><div class=\"clear\"><\/div><\/div>\n<div class=\"services-wrapper services-fullbox cols-wrapper cols-2 services-vertical-text\" style=\"background-color:#fbfbfb;color:#586987;\"><div class=\"services-box col services-no-content\"><div class=\"img-container\"><img decoding=\"async\" src=\"https:\/\/cyossalut.com\/wp-content\/uploads\/2021\/09\/FOTOSEIENTWIVA-2.jpg\" alt=\"\"\/><\/div><div class=\"services-content\"><div class=\"sc-wraper\"><\/div><\/div><\/div><div class=\"services-box col nomargin services-no-image\"><div class=\"services-content\"><div class=\"sc-wraper\"><h3>Wiva Saddle Pressure<\/h3><p>La nova versi\u00f3 del W-Saddle Pro de Wiva\u00ae \u00e9s un sensor de pressions per al seient i que permet analitzar la diferent distribuci\u00f3 de presions produida per la pelvis sobre el seient:<br>\r\n<br>\r\n- Redueix les mol\u00e8sties de la zona pelviana<br>\r\n- Augmenta el confort<br>\r\n- Prevenci\u00f3 de possibles lesions neurop\u00e0tiques i musculoesquel\u00e8tiques<\/p><\/div><\/div><\/div><div class=\"clear\"><\/div><\/div>\n<div class=\"services-wrapper services-fullbox cols-wrapper cols-2 services-vertical-text\" style=\"background-color:#fbfbfb;color:#586987;\"><div class=\"services-box col services-no-image\"><div class=\"services-content\"><div class=\"sc-wraper\"><h3>Ajustament de Cales<\/h3><p>Molts dels problemes que pateixen els ciclistes van relacionats directament amb una mala col\u00b7locaci\u00f3 de les cales, provocant d'aquesta manera mol\u00e8sties o fins i tot, una lesi\u00f3. Per evitar aquest problema, ajustem les cales al m\u00ednim detall:<br>\r\n<br>\r\n- Valoraci\u00f3 del peu del ciclista<br>\r\n- Valoraci\u00f3 de la sabatilla i del tipus de cala<br>\r\n- Ajustament de la posici\u00f3 de la cala en els tres eixos: Anterior\/posterior, Lateral i Rotacional<\/p><\/div><\/div><\/div><div class=\"services-box col nomargin services-no-content\"><div class=\"img-container\"><img decoding=\"async\" src=\"https:\/\/cyossalut.com\/wp-content\/uploads\/2021\/09\/FOTOCALESBICI-2.jpg\" alt=\"\"\/><\/div><div class=\"services-content\"><div class=\"sc-wraper\"><\/div><\/div><\/div><div class=\"clear\"><\/div><\/div>\n","protected":false},"excerpt":{"rendered":"","protected":false},"author":1,"featured_media":0,"parent":0,"menu_order":0,"comment_status":"closed","ping_status":"open","template":"template-full-custom.php","meta":{"footnotes":""},"class_list":["post-262","page","type-page","status-publish","hentry"],"yoast_head":"<!-- This site is optimized with the Yoast SEO plugin v27.5 - https:\/\/yoast.com\/product\/yoast-seo-wordpress\/ -->\n<title>CYOS Salut &amp; Bikefit \u00b7 Centre de Biomec\u00e0nica ciclisme a Manresa (Bages)<\/title>\n<meta name=\"description\" content=\"CYOS Salut &amp; Bikefit \u00b7 Centre de Biomec\u00e0nica a Manresa (Bages) \u00b7 Estudi biomec\u00e0nic \u00e9s que gaudeixis i espremis el m\u00e0xim la teva bicicleta.\" \/>\n<meta name=\"robots\" content=\"index, follow, max-snippet:-1, max-image-preview:large, max-video-preview:-1\" \/>\n<link rel=\"canonical\" href=\"https:\/\/cyossalut.com\/ca\/centre-biomecanica-manresa\/\" \/>\n<meta property=\"og:locale\" content=\"ca_ES\" \/>\n<meta property=\"og:type\" content=\"article\" \/>\n<meta property=\"og:title\" content=\"CYOS Salut &amp; Bikefit \u00b7 Centre de Biomec\u00e0nica ciclisme a Manresa (Bages)\" \/>\n<meta property=\"og:description\" content=\"CYOS Salut &amp; Bikefit \u00b7 Centre de Biomec\u00e0nica a Manresa (Bages) \u00b7 Estudi biomec\u00e0nic \u00e9s que gaudeixis i espremis el m\u00e0xim la teva bicicleta.\" \/>\n<meta property=\"og:url\" content=\"https:\/\/cyossalut.com\/ca\/centre-biomecanica-manresa\/\" \/>\n<meta property=\"og:site_name\" content=\"Cyos Salut &amp; Bikefit\" \/>\n<meta property=\"article:modified_time\" content=\"2021-12-23T15:52:26+00:00\" \/>\n<meta name=\"twitter:card\" content=\"summary_large_image\" \/>\n<meta name=\"twitter:label1\" content=\"Temps estimat de lectura\" \/>\n\t<meta name=\"twitter:data1\" content=\"1 minut\" \/>\n<script type=\"application\/ld+json\" class=\"yoast-schema-graph\">{\"@context\":\"https:\\\/\\\/schema.org\",\"@graph\":[{\"@type\":\"WebPage\",\"@id\":\"https:\\\/\\\/cyossalut.com\\\/ca\\\/centre-biomecanica-manresa\\\/\",\"url\":\"https:\\\/\\\/cyossalut.com\\\/ca\\\/centre-biomecanica-manresa\\\/\",\"name\":\"CYOS Salut & Bikefit \u00b7 Centre de Biomec\u00e0nica ciclisme a Manresa (Bages)\",\"isPartOf\":{\"@id\":\"https:\\\/\\\/cyossalut.com\\\/ca\\\/#website\"},\"datePublished\":\"2021-08-27T10:27:12+00:00\",\"dateModified\":\"2021-12-23T15:52:26+00:00\",\"description\":\"CYOS Salut & Bikefit \u00b7 Centre de Biomec\u00e0nica a Manresa (Bages) \u00b7 Estudi biomec\u00e0nic \u00e9s que gaudeixis i espremis el m\u00e0xim la teva bicicleta.\",\"breadcrumb\":{\"@id\":\"https:\\\/\\\/cyossalut.com\\\/ca\\\/centre-biomecanica-manresa\\\/#breadcrumb\"},\"inLanguage\":\"ca\",\"potentialAction\":[{\"@type\":\"ReadAction\",\"target\":[\"https:\\\/\\\/cyossalut.com\\\/ca\\\/centre-biomecanica-manresa\\\/\"]}]},{\"@type\":\"BreadcrumbList\",\"@id\":\"https:\\\/\\\/cyossalut.com\\\/ca\\\/centre-biomecanica-manresa\\\/#breadcrumb\",\"itemListElement\":[{\"@type\":\"ListItem\",\"position\":1,\"name\":\"Inici\",\"item\":\"https:\\\/\\\/cyossalut.com\\\/ca\\\/\"},{\"@type\":\"ListItem\",\"position\":2,\"name\":\"Biomec\u00e0nica del Ciclisme\"}]},{\"@type\":\"WebSite\",\"@id\":\"https:\\\/\\\/cyossalut.com\\\/ca\\\/#website\",\"url\":\"https:\\\/\\\/cyossalut.com\\\/ca\\\/\",\"name\":\"Cyos Salut &amp; Bikefit\",\"description\":\"Cyos Salut &amp; Bikefit Benvinguts a la Cl\u00ednica multidisciplin\u00e0ria Cyos Salut &amp; Bikefit\",\"potentialAction\":[{\"@type\":\"SearchAction\",\"target\":{\"@type\":\"EntryPoint\",\"urlTemplate\":\"https:\\\/\\\/cyossalut.com\\\/ca\\\/?s={search_term_string}\"},\"query-input\":{\"@type\":\"PropertyValueSpecification\",\"valueRequired\":true,\"valueName\":\"search_term_string\"}}],\"inLanguage\":\"ca\"}]}<\/script>\n<!-- \/ Yoast SEO plugin. -->","yoast_head_json":{"title":"CYOS Salut & Bikefit \u00b7 Centre de Biomec\u00e0nica ciclisme a Manresa (Bages)","description":"CYOS Salut & Bikefit \u00b7 Centre de Biomec\u00e0nica a Manresa (Bages) \u00b7 Estudi biomec\u00e0nic \u00e9s que gaudeixis i espremis el m\u00e0xim la teva bicicleta.","robots":{"index":"index","follow":"follow","max-snippet":"max-snippet:-1","max-image-preview":"max-image-preview:large","max-video-preview":"max-video-preview:-1"},"canonical":"https:\/\/cyossalut.com\/ca\/centre-biomecanica-manresa\/","og_locale":"ca_ES","og_type":"article","og_title":"CYOS Salut & Bikefit \u00b7 Centre de Biomec\u00e0nica ciclisme a Manresa (Bages)","og_description":"CYOS Salut & Bikefit \u00b7 Centre de Biomec\u00e0nica a Manresa (Bages) \u00b7 Estudi biomec\u00e0nic \u00e9s que gaudeixis i espremis el m\u00e0xim la teva bicicleta.","og_url":"https:\/\/cyossalut.com\/ca\/centre-biomecanica-manresa\/","og_site_name":"Cyos Salut &amp; Bikefit","article_modified_time":"2021-12-23T15:52:26+00:00","twitter_card":"summary_large_image","twitter_misc":{"Temps estimat de lectura":"1 minut"},"schema":{"@context":"https:\/\/schema.org","@graph":[{"@type":"WebPage","@id":"https:\/\/cyossalut.com\/ca\/centre-biomecanica-manresa\/","url":"https:\/\/cyossalut.com\/ca\/centre-biomecanica-manresa\/","name":"CYOS Salut & Bikefit \u00b7 Centre de Biomec\u00e0nica ciclisme a Manresa (Bages)","isPartOf":{"@id":"https:\/\/cyossalut.com\/ca\/#website"},"datePublished":"2021-08-27T10:27:12+00:00","dateModified":"2021-12-23T15:52:26+00:00","description":"CYOS Salut & Bikefit \u00b7 Centre de Biomec\u00e0nica a Manresa (Bages) \u00b7 Estudi biomec\u00e0nic \u00e9s que gaudeixis i espremis el m\u00e0xim la teva bicicleta.","breadcrumb":{"@id":"https:\/\/cyossalut.com\/ca\/centre-biomecanica-manresa\/#breadcrumb"},"inLanguage":"ca","potentialAction":[{"@type":"ReadAction","target":["https:\/\/cyossalut.com\/ca\/centre-biomecanica-manresa\/"]}]},{"@type":"BreadcrumbList","@id":"https:\/\/cyossalut.com\/ca\/centre-biomecanica-manresa\/#breadcrumb","itemListElement":[{"@type":"ListItem","position":1,"name":"Inici","item":"https:\/\/cyossalut.com\/ca\/"},{"@type":"ListItem","position":2,"name":"Biomec\u00e0nica del Ciclisme"}]},{"@type":"WebSite","@id":"https:\/\/cyossalut.com\/ca\/#website","url":"https:\/\/cyossalut.com\/ca\/","name":"Cyos Salut &amp; Bikefit","description":"Cyos Salut &amp; Bikefit Benvinguts a la Cl\u00ednica multidisciplin\u00e0ria Cyos Salut &amp; Bikefit","potentialAction":[{"@type":"SearchAction","target":{"@type":"EntryPoint","urlTemplate":"https:\/\/cyossalut.com\/ca\/?s={search_term_string}"},"query-input":{"@type":"PropertyValueSpecification","valueRequired":true,"valueName":"search_term_string"}}],"inLanguage":"ca"}]}},"_links":{"self":[{"href":"https:\/\/cyossalut.com\/ca\/wp-json\/wp\/v2\/pages\/262","targetHints":{"allow":["GET"]}}],"collection":[{"href":"https:\/\/cyossalut.com\/ca\/wp-json\/wp\/v2\/pages"}],"about":[{"href":"https:\/\/cyossalut.com\/ca\/wp-json\/wp\/v2\/types\/page"}],"author":[{"embeddable":true,"href":"https:\/\/cyossalut.com\/ca\/wp-json\/wp\/v2\/users\/1"}],"replies":[{"embeddable":true,"href":"https:\/\/cyossalut.com\/ca\/wp-json\/wp\/v2\/comments?post=262"}],"version-history":[{"count":22,"href":"https:\/\/cyossalut.com\/ca\/wp-json\/wp\/v2\/pages\/262\/revisions"}],"predecessor-version":[{"id":658,"href":"https:\/\/cyossalut.com\/ca\/wp-json\/wp\/v2\/pages\/262\/revisions\/658"}],"wp:attachment":[{"href":"https:\/\/cyossalut.com\/ca\/wp-json\/wp\/v2\/media?parent=262"}],"curies":[{"name":"wp","href":"https:\/\/api.w.org\/{rel}","templated":true}]}}